{"id":938,"date":"2025-09-01T10:00:31","date_gmt":"2025-09-01T10:00:31","guid":{"rendered":"https:\/\/lefildemathilde.fr\/?page_id=938"},"modified":"2025-10-10T12:44:21","modified_gmt":"2025-10-10T12:44:21","slug":"mentions-legales","status":"publish","type":"page","link":"https:\/\/lefildemathilde.fr\/index.php\/mentions-legales\/","title":{"rendered":"Mentions l\u00e9gales"},"content":{"rendered":"<p>[et_pb_section fb_built=\u00a0\u00bb1&Prime; admin_label=\u00a0\u00bbsection\u00a0\u00bb _builder_version=\u00a0\u00bb4.27.4&Prime; background_image=\u00a0\u00bbhttps:\/\/lefildemathilde.fr\/wp-content\/uploads\/2025\/09\/Bandeau-Laine-1.jpg\u00a0\u00bb min_height=\u00a0\u00bb295px\u00a0\u00bb locked=\u00a0\u00bboff\u00a0\u00bb global_colors_info=\u00a0\u00bb{}\u00a0\u00bb][\/et_pb_section][et_pb_section fb_built=\u00a0\u00bb1&Prime; admin_label=\u00a0\u00bbsection\u00a0\u00bb _builder_version=\u00a0\u00bb4.27.4&Prime; locked=\u00a0\u00bboff\u00a0\u00bb global_colors_info=\u00a0\u00bb{}\u00a0\u00bb][et_pb_row admin_label=\u00a0\u00bbrow\u00a0\u00bb _builder_version=\u00a0\u00bb4.16&Prime; background_size=\u00a0\u00bbinitial\u00a0\u00bb background_position=\u00a0\u00bbtop_left\u00a0\u00bb background_repeat=\u00a0\u00bbrepeat\u00a0\u00bb global_colors_info=\u00a0\u00bb{}\u00a0\u00bb][et_pb_column type=\u00a0\u00bb4_4&Prime; _builder_version=\u00a0\u00bb4.16&Prime; custom_padding=\u00a0\u00bb|||\u00a0\u00bb global_colors_info=\u00a0\u00bb{}\u00a0\u00bb custom_padding__hover=\u00a0\u00bb|||\u00a0\u00bb][et_pb_text admin_label=\u00a0\u00bbText\u00a0\u00bb _builder_version=\u00a0\u00bb4.27.4&Prime; background_size=\u00a0\u00bbinitial\u00a0\u00bb background_position=\u00a0\u00bbtop_left\u00a0\u00bb background_repeat=\u00a0\u00bbrepeat\u00a0\u00bb custom_padding=\u00a0\u00bb||1px|||\u00a0\u00bb global_colors_info=\u00a0\u00bb{}\u00a0\u00bb]<\/p>\n<h1 style=\"text-align: justify;\"><strong><span style=\"font-size: xx-large; color: #006f87;\">Mentions l\u00e9gales<\/span><\/strong><\/h1>\n<div>\n<p style=\"font-weight: 400; text-align: justify;\"><span style=\"font-size: medium;\">Editeur du site : Madame Claire Brisard<\/span><br \/><span style=\"font-size: medium;\">2 Impasse Abb\u00e9 Fauvel<\/span><br \/><span style=\"font-size: medium;\">61600 Bagnoles-de-l&rsquo;Orne &#8211; Normandie<\/span><br \/><span style=\"font-size: medium;\">T\u00e9l : +33 06 24 28 35 67<\/span><br \/><span style=\"font-size: medium;\">h\u00e9bergement du site\u00a0<a href=\"http:\/\/www.lefildemathilde.fr\/\">www.lefildemathilde.fr<\/a>\u00a0: GD SOLUTIONS<\/span><\/p>\n<p style=\"text-align: justify;\"><span style=\"font-size: medium;\">Repr\u00e9sentante l\u00e9gale : Claire Brisard<\/span><\/p>\n<p style=\"text-align: justify;\"><span style=\"font-size: medium;\">La responsabilit\u00e9 de Claire Brisard ne saurait \u00eatre engag\u00e9e quant aux \u00e9ventuelles erreurs ou omissions pr\u00e9sentes sur son site Internet\u00a0<a href=\"http:\/\/www.lefildemathilde.fr\/\">www.lefildemathilde.fr<\/a><\/span><\/p>\n<p style=\"text-align: justify;\"><span style=\"font-size: medium;\">Toutes les informations fournies sont non contractuelles et sujettes \u00e0 modification sans pr\u00e9avis. Pour plus d\u2019informations, rentrez directement en contact avec Claire Brisard.<\/span><\/p>\n<p style=\"text-align: justify;\"><span style=\"font-size: medium;\">La reproduction des documents n\u2019est autoris\u00e9e qu\u2019\u00e0 des fins d\u2019information pour un usage strictement personnel et priv\u00e9. Toute reproduction r\u00e9alis\u00e9e \u00e0 d\u2019autres fins est express\u00e9ment interdite au regard des droits de la propri\u00e9t\u00e9 intellectuelle.<\/span><\/p>\n<p style=\"text-align: justify;\"><span style=\"font-size: medium;\">Sauf mention contraire, erreur ou omission, les droits du copyright des documents textuels ou visuels, fixes ou anim\u00e9s, sont la propri\u00e9t\u00e9 exclusive de Claire Brisard et de ses partenaires.<\/span><\/p>\n<p style=\"text-align: justify;\"><span style=\"font-size: medium;\"><\/span><\/p>\n<p style=\"text-align: justify;\"><span style=\"font-size: xx-large; color: #006f87;\"><strong><\/strong><\/span><\/p>\n<p style=\"text-align: justify;\"><span style=\"font-size: xx-large; color: #006f87;\"><strong><\/strong><\/span><\/p>\n<p style=\"text-align: justify;\"><span style=\"font-size: xx-large; color: #006f87;\"><strong>Politique de Confidentialit\u00e9<\/strong><\/span><\/p>\n<p style=\"text-align: justify;\"><span style=\"font-size: medium;\"><strong>Informations g\u00e9n\u00e9rales :<\/strong><\/span><\/p>\n<p style=\"text-align: justify;\"><span style=\"font-size: medium;\">Lorsque vous visitez notre site Internet, diff\u00e9rents types d\u2019informations sont r\u00e9colt\u00e9s dont l\u2019adresse IP depuis laquelle vous acc\u00e9dez au site, la version et le type de navigateur utilis\u00e9s pour acc\u00e9der au site, le syst\u00e8me d\u2019exploitation utilis\u00e9, les domaines et l\u2019heure de la requ\u00eate. Ces informations ne nous permettent pas d\u2019identifier l\u2019identit\u00e9 de l\u2019utilisateur et tel n\u2019est pas notre objectif. Nous utilisons les informations collect\u00e9es \u00e0 des fins uniquement statistiques qui nous permettent principalement d\u2019am\u00e9liorer le contenu et la pr\u00e9sentation de notre site Internet. Veuillez noter que nous pouvons r\u00e9colter des donn\u00e9es suppl\u00e9mentaires, telles que les nom, adresses postales et e-mail, num\u00e9ro de t\u00e9l\u00e9phone, que vous nous fournirez volontairement en naviguant sur notre site. Vous pouvez \u00e9galement payer et utiliser nos services en utilisant un pseudonyme ou des donn\u00e9es rendues anonymes, sans nous indiquer les donn\u00e9es personnelles susmentionn\u00e9es.<\/span><\/p>\n<p style=\"text-align: justify;\"><span style=\"font-size: medium;\"><strong>Cookies :<\/strong><\/span><\/p>\n<p style=\"text-align: justify;\"><span style=\"font-size: medium;\">Ce site Internet utilise des cookies pour collecter des donn\u00e9es utilis\u00e9es \u00e0 des fins statistiques. Les cookies sont de petits fichiers stock\u00e9s sur le disque dur de votre ordinateur. Lorsque vous naviguez sur notre site, ils contr\u00f4lent votre activit\u00e9 et nous fournissent ainsi des donn\u00e9es cl\u00e9s nous permettant de faciliter la navigation. Si des cookies sont stock\u00e9s sur votre ordinateur, vous n\u2019aurez pas besoin d\u2019entrer toutes les donn\u00e9es requises pour acc\u00e9der \u00e0 ce site \u00e0 chaque fois que vous le visitez. Ces donn\u00e9es nous permettent de personnaliser notre site Internet afin qu\u2019il corresponde \u00e0 vos go\u00fbts et \u00e0 vos besoins. Cette d\u00e9marche s\u2019inscrit dans l\u2019ensemble des efforts que nous faisons pour vous offrir un acc\u00e8s fluide \u00e0 nos pages et \u00e0 nos services. Si vous ne d\u00e9sirez pas que des cookies soient enregistr\u00e9s sur votre ordinateur, vous pouvez utiliser la configuration du navigateur pour bloquer les cookies de notre site. Pour savoir comment configurer votre navigateur concernant la gestion des cookies, veuillez-vous rendre sur le centre d\u2019aide de votre navigateur. Vous pouvez supprimer les cookies d\u00e9j\u00e0 enregistr\u00e9s sur votre ordinateur lorsque vous le souhaitez. Veuillez noter que le blocage des cookies peut limiter l\u2019acc\u00e8s \u00e0 certaines fonctions de notre site et entra\u00eener une exp\u00e9rience rationalis\u00e9e amoindrie.<\/span><\/p>\n<p style=\"text-align: justify;\"><span style=\"font-size: medium;\"><strong>Communication des donn\u00e9es \u00e0 des tiers :<\/strong><\/span><\/p>\n<p style=\"text-align: justify;\"><span style=\"font-size: medium;\">Sauf mention contraire dans cette d\u00e9claration, toutes les donn\u00e9es que vous partagez avec nous, ou que nous collectons aupr\u00e8s de vous lorsque vous naviguez sur notre site, seront tenues secr\u00e8tes et ne seront pas divulgu\u00e9es \u00e0 des tiers, sauf si la loi le requiert ou si les donn\u00e9es doivent \u00eatre transmises en vue de l\u2019ex\u00e9cution de la relation contractuelle \u00e0 laquelle vous avez souscrit. Les entreprises et associ\u00e9s tiers, dont les soci\u00e9t\u00e9s de paiement en ligne, auront uniquement acc\u00e8s \u00e0 ces donn\u00e9es lorsque cela sera n\u00e9cessaire au traitement de votre commande. Dans ces cas-l\u00e0, nous nous assurerons que le cadre de la transmission des donn\u00e9es soit maintenu au minimum essentiel convenu. Nous imposons \u00e9galement une politique de protection des donn\u00e9es stricte concernant les donn\u00e9es personnelles que vous nous fournissez ou que nous trouvons. En suivant cette ligne de conduite, nous nous conformons aux dispositions de la l\u00e9gislation sur la protection des donn\u00e9es. Veuillez noter que nous ne sommes pas responsables des donn\u00e9es que vous communiquez \u00e0 d\u2019autres prestataires de services. Nous prenons des mesures uniquement afin d\u2019assurer que toute donn\u00e9e vous concernant communiqu\u00e9e par d\u2019autres prestataires de services soit communiqu\u00e9e en toute conformit\u00e9 avec les exigences des lois r\u00e9gissant la protection des donn\u00e9es et de la vie priv\u00e9e, telles que mentionn\u00e9es dans notre politique de confidentialit\u00e9.<\/span><\/p>\n<p style=\"text-align: justify;\"><strong><span style=\"font-size: medium;\">Newsletter :<\/span><\/strong><\/p>\n<p style=\"text-align: justify;\"><span style=\"font-size: medium;\">Vous ne recevrez d\u2019informations publicitaires via notre newsletter que si vous nous autorisez \u00e0 utiliser votre adresse mail dans ce but. Notre site ou ses filiales ne vous enverront jamais de newsletters ou d\u2019e-mails \u00e0 caract\u00e8re publicitaire si vous ne vous y \u00eates pas abonn\u00e9. En vous abonnant \u00e0 notre newsletter, vous pouvez choisir vos centres d\u2019int\u00e9r\u00eat afin de recevoir les e-mails qui y sont li\u00e9s. Nous utilisons ces indications ainsi que vos donn\u00e9es personnelles pour vous envoyer des informations dignes d\u2019int\u00e9r\u00eat pour vous. Si vous pr\u00e9f\u00e9rez vous d\u00e9sabonner de notre newsletter ou de nos e-mails publicitaires, vous pouvez cliquer sur le lien de d\u00e9sinscription situ\u00e9 en bas de nos e-mails.<\/span><\/p>\n<p style=\"text-align: justify;\"><span style=\"font-size: medium;\">Le site web\u00a0<a href=\"http:\/\/www.lefildemathilde.fr\/\">www.lefildemathilde.fr<\/a>\u00a0est soumis \u00e0 la loi fran\u00e7aise ainsi que les pr\u00e9sentes mentions l\u00e9gales.<\/span><\/p>\n<p style=\"text-align: justify;\"><span style=\"font-size: medium;\">Pour toute r\u00e9clamation, envoyez un e-mail \u00e0 <a href=\"mailto:boutique@lefildemathilde.fr\">boutique@lefildemathilde.fr<\/a><\/span><a href=\"mailto:boutique@lefildemathilde.fr\" target=\"_blank\" rel=\"noopener\"><u><\/u><\/a><\/p>\n<\/div>\n<p>&nbsp;<\/p>\n<p>&nbsp;<\/p>\n<p><!-- \/divi:freeform -->[\/et_pb_text][\/et_pb_column][\/et_pb_row][\/et_pb_section]<\/p>\n","protected":false},"excerpt":{"rendered":"<p>Mentions l\u00e9gales Editeur du site : Madame Claire Brisard2 Impasse Abb\u00e9 Fauvel61600 Bagnoles-de-l&rsquo;Orne &#8211; NormandieT\u00e9l : +33 06 24 28 35 67h\u00e9bergement du site\u00a0www.lefildemathilde.fr\u00a0: GD SOLUTIONS Repr\u00e9sentante l\u00e9gale : Claire [&hellip;]<\/p>\n","protected":false},"author":1,"featured_media":0,"parent":0,"menu_order":0,"comment_status":"closed","ping_status":"closed","template":"","meta":{"_et_pb_use_builder":"on","_et_pb_old_content":"","_et_gb_content_width":"","footnotes":""},"class_list":["post-938","page","type-page","status-publish","hentry"],"yoast_head":"<!-- This site is optimized with the Yoast SEO plugin v27.4 - https:\/\/yoast.com\/product\/yoast-seo-wordpress\/ -->\n<title>Mentions l\u00e9gales - Le Fil de Mathilde<\/title>\n<meta name=\"robots\" content=\"index, follow, max-snippet:-1, max-image-preview:large, max-video-preview:-1\" \/>\n<link rel=\"canonical\" href=\"https:\/\/lefildemathilde.fr\/index.php\/mentions-legales\/\" \/>\n<meta property=\"og:locale\" content=\"fr_FR\" \/>\n<meta property=\"og:type\" content=\"article\" \/>\n<meta property=\"og:title\" content=\"Mentions l\u00e9gales - Le Fil de Mathilde\" \/>\n<meta property=\"og:description\" content=\"Mentions l\u00e9gales Editeur du site : Madame Claire Brisard2 Impasse Abb\u00e9 Fauvel61600 Bagnoles-de-l&#039;Orne - NormandieT\u00e9l : +33 06 24 28 35 67h\u00e9bergement du site\u00a0www.lefildemathilde.fr\u00a0: GD SOLUTIONS Repr\u00e9sentante l\u00e9gale : Claire [&hellip;]\" \/>\n<meta property=\"og:url\" content=\"https:\/\/lefildemathilde.fr\/index.php\/mentions-legales\/\" \/>\n<meta property=\"og:site_name\" content=\"Le Fil de Mathilde\" \/>\n<meta property=\"article:modified_time\" content=\"2025-10-10T12:44:21+00:00\" \/>\n<meta name=\"twitter:card\" content=\"summary_large_image\" \/>\n<meta name=\"twitter:label1\" content=\"Dur\u00e9e de lecture estim\u00e9e\" \/>\n\t<meta name=\"twitter:data1\" content=\"5 minutes\" \/>\n<script type=\"application\/ld+json\" class=\"yoast-schema-graph\">{\"@context\":\"https:\\\/\\\/schema.org\",\"@graph\":[{\"@type\":\"WebPage\",\"@id\":\"https:\\\/\\\/lefildemathilde.fr\\\/index.php\\\/mentions-legales\\\/\",\"url\":\"https:\\\/\\\/lefildemathilde.fr\\\/index.php\\\/mentions-legales\\\/\",\"name\":\"Mentions l\u00e9gales - Le Fil de Mathilde\",\"isPartOf\":{\"@id\":\"https:\\\/\\\/lefildemathilde.fr\\\/#website\"},\"datePublished\":\"2025-09-01T10:00:31+00:00\",\"dateModified\":\"2025-10-10T12:44:21+00:00\",\"breadcrumb\":{\"@id\":\"https:\\\/\\\/lefildemathilde.fr\\\/index.php\\\/mentions-legales\\\/#breadcrumb\"},\"inLanguage\":\"fr-FR\",\"potentialAction\":[{\"@type\":\"ReadAction\",\"target\":[\"https:\\\/\\\/lefildemathilde.fr\\\/index.php\\\/mentions-legales\\\/\"]}]},{\"@type\":\"BreadcrumbList\",\"@id\":\"https:\\\/\\\/lefildemathilde.fr\\\/index.php\\\/mentions-legales\\\/#breadcrumb\",\"itemListElement\":[{\"@type\":\"ListItem\",\"position\":1,\"name\":\"Accueil\",\"item\":\"https:\\\/\\\/lefildemathilde.fr\\\/\"},{\"@type\":\"ListItem\",\"position\":2,\"name\":\"Mentions l\u00e9gales\"}]},{\"@type\":\"WebSite\",\"@id\":\"https:\\\/\\\/lefildemathilde.fr\\\/#website\",\"url\":\"https:\\\/\\\/lefildemathilde.fr\\\/\",\"name\":\"Le Fil de Mathilde\",\"description\":\"Kits de broderie au Point de Bayeux\",\"potentialAction\":[{\"@type\":\"SearchAction\",\"target\":{\"@type\":\"EntryPoint\",\"urlTemplate\":\"https:\\\/\\\/lefildemathilde.fr\\\/?s={search_term_string}\"},\"query-input\":{\"@type\":\"PropertyValueSpecification\",\"valueRequired\":true,\"valueName\":\"search_term_string\"}}],\"inLanguage\":\"fr-FR\"}]}<\/script>\n<!-- \/ Yoast SEO plugin. -->","yoast_head_json":{"title":"Mentions l\u00e9gales - Le Fil de Mathilde","robots":{"index":"index","follow":"follow","max-snippet":"max-snippet:-1","max-image-preview":"max-image-preview:large","max-video-preview":"max-video-preview:-1"},"canonical":"https:\/\/lefildemathilde.fr\/index.php\/mentions-legales\/","og_locale":"fr_FR","og_type":"article","og_title":"Mentions l\u00e9gales - Le Fil de Mathilde","og_description":"Mentions l\u00e9gales Editeur du site : Madame Claire Brisard2 Impasse Abb\u00e9 Fauvel61600 Bagnoles-de-l'Orne - NormandieT\u00e9l : +33 06 24 28 35 67h\u00e9bergement du site\u00a0www.lefildemathilde.fr\u00a0: GD SOLUTIONS Repr\u00e9sentante l\u00e9gale : Claire [&hellip;]","og_url":"https:\/\/lefildemathilde.fr\/index.php\/mentions-legales\/","og_site_name":"Le Fil de Mathilde","article_modified_time":"2025-10-10T12:44:21+00:00","twitter_card":"summary_large_image","twitter_misc":{"Dur\u00e9e de lecture estim\u00e9e":"5 minutes"},"schema":{"@context":"https:\/\/schema.org","@graph":[{"@type":"WebPage","@id":"https:\/\/lefildemathilde.fr\/index.php\/mentions-legales\/","url":"https:\/\/lefildemathilde.fr\/index.php\/mentions-legales\/","name":"Mentions l\u00e9gales - Le Fil de Mathilde","isPartOf":{"@id":"https:\/\/lefildemathilde.fr\/#website"},"datePublished":"2025-09-01T10:00:31+00:00","dateModified":"2025-10-10T12:44:21+00:00","breadcrumb":{"@id":"https:\/\/lefildemathilde.fr\/index.php\/mentions-legales\/#breadcrumb"},"inLanguage":"fr-FR","potentialAction":[{"@type":"ReadAction","target":["https:\/\/lefildemathilde.fr\/index.php\/mentions-legales\/"]}]},{"@type":"BreadcrumbList","@id":"https:\/\/lefildemathilde.fr\/index.php\/mentions-legales\/#breadcrumb","itemListElement":[{"@type":"ListItem","position":1,"name":"Accueil","item":"https:\/\/lefildemathilde.fr\/"},{"@type":"ListItem","position":2,"name":"Mentions l\u00e9gales"}]},{"@type":"WebSite","@id":"https:\/\/lefildemathilde.fr\/#website","url":"https:\/\/lefildemathilde.fr\/","name":"Le Fil de Mathilde","description":"Kits de broderie au Point de Bayeux","potentialAction":[{"@type":"SearchAction","target":{"@type":"EntryPoint","urlTemplate":"https:\/\/lefildemathilde.fr\/?s={search_term_string}"},"query-input":{"@type":"PropertyValueSpecification","valueRequired":true,"valueName":"search_term_string"}}],"inLanguage":"fr-FR"}]}},"jetpack_sharing_enabled":true,"_links":{"self":[{"href":"https:\/\/lefildemathilde.fr\/index.php\/wp-json\/wp\/v2\/pages\/938","targetHints":{"allow":["GET"]}}],"collection":[{"href":"https:\/\/lefildemathilde.fr\/index.php\/wp-json\/wp\/v2\/pages"}],"about":[{"href":"https:\/\/lefildemathilde.fr\/index.php\/wp-json\/wp\/v2\/types\/page"}],"author":[{"embeddable":true,"href":"https:\/\/lefildemathilde.fr\/index.php\/wp-json\/wp\/v2\/users\/1"}],"replies":[{"embeddable":true,"href":"https:\/\/lefildemathilde.fr\/index.php\/wp-json\/wp\/v2\/comments?post=938"}],"version-history":[{"count":13,"href":"https:\/\/lefildemathilde.fr\/index.php\/wp-json\/wp\/v2\/pages\/938\/revisions"}],"predecessor-version":[{"id":3095,"href":"https:\/\/lefildemathilde.fr\/index.php\/wp-json\/wp\/v2\/pages\/938\/revisions\/3095"}],"wp:attachment":[{"href":"https:\/\/lefildemathilde.fr\/index.php\/wp-json\/wp\/v2\/media?parent=938"}],"curies":[{"name":"wp","href":"https:\/\/api.w.org\/{rel}","templated":true}]}}