{"id":119,"date":"2025-06-18T14:27:57","date_gmt":"2025-06-18T14:27:57","guid":{"rendered":"https:\/\/lefildemathilde.fr\/?post_type=product&#038;p=119"},"modified":"2025-10-28T14:10:13","modified_gmt":"2025-10-28T14:10:13","slug":"tambour-a-broder-o-15-cm","status":"publish","type":"product","link":"https:\/\/lefildemathilde.fr\/index.php\/produit\/tambour-a-broder-o-15-cm\/","title":{"rendered":"Tambour \u00e0 broder \u00d8 16 cm"},"content":{"rendered":"<p><strong>Tambour \u00e0 broder \u00d8 16 cm<\/strong><\/p>\n<p>Cet accessoire est indispensable pour ex\u00e9cuter le point de Bayeux. Il permet de maintenir la toile tendue pendant la broderie.<\/p>\n<p><strong>Mat\u00e9riau :<\/strong> H\u00eatre<\/p>\n<p>Fabriqu\u00e9 au Royaume-Uni<\/p>\n<p>&nbsp;<\/p>\n<p>L&rsquo;envoi des produits de la boutique aura un num\u00e9ro de suivi.<\/p>\n","protected":false},"excerpt":{"rendered":"<p>Tambour \u00e0 broder \u00d8 16 cm<\/p>\n","protected":false},"featured_media":2418,"comment_status":"open","ping_status":"closed","template":"","meta":{"_et_pb_use_builder":"","_et_pb_old_content":"","_et_gb_content_width":""},"product_brand":[],"product_cat":[18,25],"product_tag":[],"class_list":{"0":"post-119","1":"product","2":"type-product","3":"status-publish","4":"has-post-thumbnail","6":"product_cat-accessoires-de-broderie","7":"product_cat-tambours-fr","8":"product_shipping_class-poids-de-21-gr-a-50-gr","10":"first","11":"instock","12":"sold-individually","13":"purchasable","14":"product-type-simple"},"yoast_head":"<!-- This site is optimized with the Yoast SEO plugin v27.4 - https:\/\/yoast.com\/product\/yoast-seo-wordpress\/ -->\n<title>Tambour \u00e0 broder \u00d8 16 cm - Le Fil de Mathilde<\/title>\n<meta name=\"description\" content=\"Tambour \u00e0 broder \u00d8 15 cm. Cet accessoire est indispensable pour ex\u00e9cuter le point de Bayeux. Il permet de maintenir la toile tendue pendant la broderie.\" \/>\n<meta name=\"robots\" content=\"index, follow, max-snippet:-1, max-image-preview:large, max-video-preview:-1\" \/>\n<link rel=\"canonical\" href=\"https:\/\/lefildemathilde.fr\/index.php\/produit\/tambour-a-broder-o-15-cm\/\" \/>\n<meta property=\"og:locale\" content=\"fr_FR\" \/>\n<meta property=\"og:type\" content=\"article\" \/>\n<meta property=\"og:title\" content=\"Tambour \u00e0 broder \u00d8 16 cm - Le Fil de Mathilde\" \/>\n<meta property=\"og:description\" content=\"Tambour \u00e0 broder \u00d8 15 cm. Cet accessoire est indispensable pour ex\u00e9cuter le point de Bayeux. Il permet de maintenir la toile tendue pendant la broderie.\" \/>\n<meta property=\"og:url\" content=\"https:\/\/lefildemathilde.fr\/index.php\/produit\/tambour-a-broder-o-15-cm\/\" \/>\n<meta property=\"og:site_name\" content=\"Le Fil de Mathilde\" \/>\n<meta property=\"article:modified_time\" content=\"2025-10-28T14:10:13+00:00\" \/>\n<meta property=\"og:image\" content=\"https:\/\/lefildemathilde.fr\/wp-content\/uploads\/2025\/09\/Tambour-UK-e1760116920417.jpg\" \/>\n\t<meta property=\"og:image:width\" content=\"950\" \/>\n\t<meta property=\"og:image:height\" content=\"950\" \/>\n\t<meta property=\"og:image:type\" content=\"image\/jpeg\" \/>\n<meta name=\"twitter:card\" content=\"summary_large_image\" \/>\n<meta name=\"twitter:label1\" content=\"Dur\u00e9e de lecture estim\u00e9e\" \/>\n\t<meta name=\"twitter:data1\" content=\"1 minute\" \/>\n<script type=\"application\/ld+json\" class=\"yoast-schema-graph\">{\"@context\":\"https:\\\/\\\/schema.org\",\"@graph\":[{\"@type\":\"WebPage\",\"@id\":\"https:\\\/\\\/lefildemathilde.fr\\\/index.php\\\/produit\\\/tambour-a-broder-o-15-cm\\\/\",\"url\":\"https:\\\/\\\/lefildemathilde.fr\\\/index.php\\\/produit\\\/tambour-a-broder-o-15-cm\\\/\",\"name\":\"Tambour \u00e0 broder \u00d8 16 cm - Le Fil de Mathilde\",\"isPartOf\":{\"@id\":\"https:\\\/\\\/lefildemathilde.fr\\\/#website\"},\"primaryImageOfPage\":{\"@id\":\"https:\\\/\\\/lefildemathilde.fr\\\/index.php\\\/produit\\\/tambour-a-broder-o-15-cm\\\/#primaryimage\"},\"image\":{\"@id\":\"https:\\\/\\\/lefildemathilde.fr\\\/index.php\\\/produit\\\/tambour-a-broder-o-15-cm\\\/#primaryimage\"},\"thumbnailUrl\":\"https:\\\/\\\/lefildemathilde.fr\\\/wp-content\\\/uploads\\\/2025\\\/09\\\/Tambour-UK-e1760116920417.jpg\",\"datePublished\":\"2025-06-18T14:27:57+00:00\",\"dateModified\":\"2025-10-28T14:10:13+00:00\",\"description\":\"Tambour \u00e0 broder \u00d8 15 cm. Cet accessoire est indispensable pour ex\u00e9cuter le point de Bayeux. Il permet de maintenir la toile tendue pendant la broderie.\",\"breadcrumb\":{\"@id\":\"https:\\\/\\\/lefildemathilde.fr\\\/index.php\\\/produit\\\/tambour-a-broder-o-15-cm\\\/#breadcrumb\"},\"inLanguage\":\"fr-FR\",\"potentialAction\":[{\"@type\":\"ReadAction\",\"target\":[\"https:\\\/\\\/lefildemathilde.fr\\\/index.php\\\/produit\\\/tambour-a-broder-o-15-cm\\\/\"]}]},{\"@type\":\"ImageObject\",\"inLanguage\":\"fr-FR\",\"@id\":\"https:\\\/\\\/lefildemathilde.fr\\\/index.php\\\/produit\\\/tambour-a-broder-o-15-cm\\\/#primaryimage\",\"url\":\"https:\\\/\\\/lefildemathilde.fr\\\/wp-content\\\/uploads\\\/2025\\\/09\\\/Tambour-UK-e1760116920417.jpg\",\"contentUrl\":\"https:\\\/\\\/lefildemathilde.fr\\\/wp-content\\\/uploads\\\/2025\\\/09\\\/Tambour-UK-e1760116920417.jpg\",\"width\":950,\"height\":950,\"caption\":\"Tambour \u00e0 broder Point de Bayeux\"},{\"@type\":\"BreadcrumbList\",\"@id\":\"https:\\\/\\\/lefildemathilde.fr\\\/index.php\\\/produit\\\/tambour-a-broder-o-15-cm\\\/#breadcrumb\",\"itemListElement\":[{\"@type\":\"ListItem\",\"position\":1,\"name\":\"Accueil\",\"item\":\"https:\\\/\\\/lefildemathilde.fr\\\/\"},{\"@type\":\"ListItem\",\"position\":2,\"name\":\"Boutique Kits de broderie point de bayeux\",\"item\":\"https:\\\/\\\/lefildemathilde.fr\\\/index.php\\\/boutique-kits-de-broderie-point-de-bayeux\\\/\"},{\"@type\":\"ListItem\",\"position\":3,\"name\":\"Tambour \u00e0 broder \u00d8 16 cm\"}]},{\"@type\":\"WebSite\",\"@id\":\"https:\\\/\\\/lefildemathilde.fr\\\/#website\",\"url\":\"https:\\\/\\\/lefildemathilde.fr\\\/\",\"name\":\"Le Fil de Mathilde\",\"description\":\"Kits de broderie au Point de Bayeux\",\"potentialAction\":[{\"@type\":\"SearchAction\",\"target\":{\"@type\":\"EntryPoint\",\"urlTemplate\":\"https:\\\/\\\/lefildemathilde.fr\\\/?s={search_term_string}\"},\"query-input\":{\"@type\":\"PropertyValueSpecification\",\"valueRequired\":true,\"valueName\":\"search_term_string\"}}],\"inLanguage\":\"fr-FR\"}]}<\/script>\n<!-- \/ Yoast SEO plugin. -->","yoast_head_json":{"title":"Tambour \u00e0 broder \u00d8 16 cm - Le Fil de Mathilde","description":"Tambour \u00e0 broder \u00d8 15 cm. Cet accessoire est indispensable pour ex\u00e9cuter le point de Bayeux. Il permet de maintenir la toile tendue pendant la broderie.","robots":{"index":"index","follow":"follow","max-snippet":"max-snippet:-1","max-image-preview":"max-image-preview:large","max-video-preview":"max-video-preview:-1"},"canonical":"https:\/\/lefildemathilde.fr\/index.php\/produit\/tambour-a-broder-o-15-cm\/","og_locale":"fr_FR","og_type":"article","og_title":"Tambour \u00e0 broder \u00d8 16 cm - Le Fil de Mathilde","og_description":"Tambour \u00e0 broder \u00d8 15 cm. Cet accessoire est indispensable pour ex\u00e9cuter le point de Bayeux. Il permet de maintenir la toile tendue pendant la broderie.","og_url":"https:\/\/lefildemathilde.fr\/index.php\/produit\/tambour-a-broder-o-15-cm\/","og_site_name":"Le Fil de Mathilde","article_modified_time":"2025-10-28T14:10:13+00:00","og_image":[{"width":950,"height":950,"url":"https:\/\/lefildemathilde.fr\/wp-content\/uploads\/2025\/09\/Tambour-UK-e1760116920417.jpg","type":"image\/jpeg"}],"twitter_card":"summary_large_image","twitter_misc":{"Dur\u00e9e de lecture estim\u00e9e":"1 minute"},"schema":{"@context":"https:\/\/schema.org","@graph":[{"@type":"WebPage","@id":"https:\/\/lefildemathilde.fr\/index.php\/produit\/tambour-a-broder-o-15-cm\/","url":"https:\/\/lefildemathilde.fr\/index.php\/produit\/tambour-a-broder-o-15-cm\/","name":"Tambour \u00e0 broder \u00d8 16 cm - Le Fil de Mathilde","isPartOf":{"@id":"https:\/\/lefildemathilde.fr\/#website"},"primaryImageOfPage":{"@id":"https:\/\/lefildemathilde.fr\/index.php\/produit\/tambour-a-broder-o-15-cm\/#primaryimage"},"image":{"@id":"https:\/\/lefildemathilde.fr\/index.php\/produit\/tambour-a-broder-o-15-cm\/#primaryimage"},"thumbnailUrl":"https:\/\/lefildemathilde.fr\/wp-content\/uploads\/2025\/09\/Tambour-UK-e1760116920417.jpg","datePublished":"2025-06-18T14:27:57+00:00","dateModified":"2025-10-28T14:10:13+00:00","description":"Tambour \u00e0 broder \u00d8 15 cm. Cet accessoire est indispensable pour ex\u00e9cuter le point de Bayeux. Il permet de maintenir la toile tendue pendant la broderie.","breadcrumb":{"@id":"https:\/\/lefildemathilde.fr\/index.php\/produit\/tambour-a-broder-o-15-cm\/#breadcrumb"},"inLanguage":"fr-FR","potentialAction":[{"@type":"ReadAction","target":["https:\/\/lefildemathilde.fr\/index.php\/produit\/tambour-a-broder-o-15-cm\/"]}]},{"@type":"ImageObject","inLanguage":"fr-FR","@id":"https:\/\/lefildemathilde.fr\/index.php\/produit\/tambour-a-broder-o-15-cm\/#primaryimage","url":"https:\/\/lefildemathilde.fr\/wp-content\/uploads\/2025\/09\/Tambour-UK-e1760116920417.jpg","contentUrl":"https:\/\/lefildemathilde.fr\/wp-content\/uploads\/2025\/09\/Tambour-UK-e1760116920417.jpg","width":950,"height":950,"caption":"Tambour \u00e0 broder Point de Bayeux"},{"@type":"BreadcrumbList","@id":"https:\/\/lefildemathilde.fr\/index.php\/produit\/tambour-a-broder-o-15-cm\/#breadcrumb","itemListElement":[{"@type":"ListItem","position":1,"name":"Accueil","item":"https:\/\/lefildemathilde.fr\/"},{"@type":"ListItem","position":2,"name":"Boutique Kits de broderie point de bayeux","item":"https:\/\/lefildemathilde.fr\/index.php\/boutique-kits-de-broderie-point-de-bayeux\/"},{"@type":"ListItem","position":3,"name":"Tambour \u00e0 broder \u00d8 16 cm"}]},{"@type":"WebSite","@id":"https:\/\/lefildemathilde.fr\/#website","url":"https:\/\/lefildemathilde.fr\/","name":"Le Fil de Mathilde","description":"Kits de broderie au Point de Bayeux","potentialAction":[{"@type":"SearchAction","target":{"@type":"EntryPoint","urlTemplate":"https:\/\/lefildemathilde.fr\/?s={search_term_string}"},"query-input":{"@type":"PropertyValueSpecification","valueRequired":true,"valueName":"search_term_string"}}],"inLanguage":"fr-FR"}]}},"jetpack_sharing_enabled":true,"_links":{"self":[{"href":"https:\/\/lefildemathilde.fr\/index.php\/wp-json\/wp\/v2\/product\/119","targetHints":{"allow":["GET"]}}],"collection":[{"href":"https:\/\/lefildemathilde.fr\/index.php\/wp-json\/wp\/v2\/product"}],"about":[{"href":"https:\/\/lefildemathilde.fr\/index.php\/wp-json\/wp\/v2\/types\/product"}],"replies":[{"embeddable":true,"href":"https:\/\/lefildemathilde.fr\/index.php\/wp-json\/wp\/v2\/comments?post=119"}],"wp:featuredmedia":[{"embeddable":true,"href":"https:\/\/lefildemathilde.fr\/index.php\/wp-json\/wp\/v2\/media\/2418"}],"wp:attachment":[{"href":"https:\/\/lefildemathilde.fr\/index.php\/wp-json\/wp\/v2\/media?parent=119"}],"wp:term":[{"taxonomy":"product_brand","embeddable":true,"href":"https:\/\/lefildemathilde.fr\/index.php\/wp-json\/wp\/v2\/product_brand?post=119"},{"taxonomy":"product_cat","embeddable":true,"href":"https:\/\/lefildemathilde.fr\/index.php\/wp-json\/wp\/v2\/product_cat?post=119"},{"taxonomy":"product_tag","embeddable":true,"href":"https:\/\/lefildemathilde.fr\/index.php\/wp-json\/wp\/v2\/product_tag?post=119"}],"curies":[{"name":"wp","href":"https:\/\/api.w.org\/{rel}","templated":true}]}}