{"id":1211,"date":"2025-09-03T11:49:46","date_gmt":"2025-09-03T11:49:46","guid":{"rendered":"https:\/\/lefildemathilde.fr\/index.php\/produit\/carte-cadeau\/"},"modified":"2026-04-17T18:38:39","modified_gmt":"2026-04-17T18:38:39","slug":"carte-cadeau","status":"publish","type":"product","link":"https:\/\/lefildemathilde.fr\/index.php\/produit\/carte-cadeau\/","title":{"rendered":"Carte Cadeau"},"content":{"rendered":"<p><strong>Id\u00e9ale pour faire plaisir \u00e0 coup s\u00fbr<\/strong><\/p>\n<p style=\"font-weight: 400;\"><strong>Guide pour acheter et utiliser la carte cadeau Le Fil de Mathilde<\/strong><\/p>\n<p style=\"font-weight: 400;\">Une fois votre commande pass\u00e9e, vous recevrez un email avec un code unique \u00e0 utiliser sur notre boutique pour b\u00e9n\u00e9ficier d&rsquo;une remise \u00e9gale au montant de la carte cadeau. Le code fourni est unique, valable un an \u00e0 partir de la date d&rsquo;\u00e9mission.<\/p>\n<p>Vous pouvez imprimer cette carte cadeau au format A4 ou A5 et l&rsquo;offrir \u00e0 la personne de votre choix. Vous pouvez \u00e9galement la transmettre par email.<\/p>\n<p>Une fois votre ami(e) en possession de son ch\u00e8que cadeau, il\/elle aura un an pour l&rsquo;utiliser sur notre boutique. Pour cela, il lui suffira de rajouter les articles souhait\u00e9s dans son panier puis, dans le champ \u00ab\u00a0code promo\u00a0\u00bb de son panier, indiquer le code fourni.<\/p>\n","protected":false},"excerpt":{"rendered":"<p>Id\u00e9ale pour faire plaisir \u00e0 coup s\u00fbr Guide pour acheter et utiliser la carte cadeau Le Fil de Mathilde Une fois votre commande pass\u00e9e, vous recevrez un email avec un [&hellip;]<\/p>\n","protected":false},"featured_media":1824,"comment_status":"open","ping_status":"closed","template":"","meta":{"_et_pb_use_builder":"","_et_pb_old_content":"","_et_gb_content_width":""},"product_brand":[],"product_cat":[34],"product_tag":[],"class_list":{"0":"post-1211","1":"product","2":"type-product","3":"status-publish","4":"has-post-thumbnail","6":"product_cat-carte-cadeau-fr","8":"first","9":"instock","10":"purchasable","11":"product-type-pw-gift-card"},"yoast_head":"<!-- This site is optimized with the Yoast SEO plugin v27.4 - https:\/\/yoast.com\/product\/yoast-seo-wordpress\/ -->\n<title>Carte Cadeau - Le Fil de Mathilde<\/title>\n<meta name=\"description\" content=\"Id\u00e9e Cadeau Broderie. Cadeau original. Id\u00e9e cadeau de No\u00ebl. Offrez une carte cadeau Le Fil de Mathilde. Carte Cadeau. Faire plaisir.\" \/>\n<meta name=\"robots\" content=\"index, follow, max-snippet:-1, max-image-preview:large, max-video-preview:-1\" \/>\n<link rel=\"canonical\" href=\"https:\/\/lefildemathilde.fr\/index.php\/produit\/carte-cadeau\/\" \/>\n<meta property=\"og:locale\" content=\"fr_FR\" \/>\n<meta property=\"og:type\" content=\"article\" \/>\n<meta property=\"og:title\" content=\"Carte Cadeau - Le Fil de Mathilde\" \/>\n<meta property=\"og:description\" content=\"Id\u00e9e Cadeau Broderie. Cadeau original. Id\u00e9e cadeau de No\u00ebl. Offrez une carte cadeau Le Fil de Mathilde. Carte Cadeau. Faire plaisir.\" \/>\n<meta property=\"og:url\" content=\"https:\/\/lefildemathilde.fr\/index.php\/produit\/carte-cadeau\/\" \/>\n<meta property=\"og:site_name\" content=\"Le Fil de Mathilde\" \/>\n<meta property=\"article:modified_time\" content=\"2026-04-17T18:38:39+00:00\" \/>\n<meta property=\"og:image\" content=\"https:\/\/lefildemathilde.fr\/wp-content\/uploads\/2025\/09\/Visuel-Carte-Cardeau-1-1.jpg\" \/>\n\t<meta property=\"og:image:width\" content=\"844\" \/>\n\t<meta property=\"og:image:height\" content=\"844\" \/>\n\t<meta property=\"og:image:type\" content=\"image\/jpeg\" \/>\n<meta name=\"twitter:card\" content=\"summary_large_image\" \/>\n<meta name=\"twitter:label1\" content=\"Dur\u00e9e de lecture estim\u00e9e\" \/>\n\t<meta name=\"twitter:data1\" content=\"1 minute\" \/>\n<script type=\"application\/ld+json\" class=\"yoast-schema-graph\">{\"@context\":\"https:\\\/\\\/schema.org\",\"@graph\":[{\"@type\":\"WebPage\",\"@id\":\"https:\\\/\\\/lefildemathilde.fr\\\/index.php\\\/produit\\\/carte-cadeau\\\/\",\"url\":\"https:\\\/\\\/lefildemathilde.fr\\\/index.php\\\/produit\\\/carte-cadeau\\\/\",\"name\":\"Carte Cadeau - Le Fil de Mathilde\",\"isPartOf\":{\"@id\":\"https:\\\/\\\/lefildemathilde.fr\\\/#website\"},\"primaryImageOfPage\":{\"@id\":\"https:\\\/\\\/lefildemathilde.fr\\\/index.php\\\/produit\\\/carte-cadeau\\\/#primaryimage\"},\"image\":{\"@id\":\"https:\\\/\\\/lefildemathilde.fr\\\/index.php\\\/produit\\\/carte-cadeau\\\/#primaryimage\"},\"thumbnailUrl\":\"https:\\\/\\\/lefildemathilde.fr\\\/wp-content\\\/uploads\\\/2025\\\/09\\\/Visuel-Carte-Cardeau-1-1.jpg\",\"datePublished\":\"2025-09-03T11:49:46+00:00\",\"dateModified\":\"2026-04-17T18:38:39+00:00\",\"description\":\"Id\u00e9e Cadeau Broderie. Cadeau original. Id\u00e9e cadeau de No\u00ebl. Offrez une carte cadeau Le Fil de Mathilde. Carte Cadeau. Faire plaisir.\",\"breadcrumb\":{\"@id\":\"https:\\\/\\\/lefildemathilde.fr\\\/index.php\\\/produit\\\/carte-cadeau\\\/#breadcrumb\"},\"inLanguage\":\"fr-FR\",\"potentialAction\":[{\"@type\":\"ReadAction\",\"target\":[\"https:\\\/\\\/lefildemathilde.fr\\\/index.php\\\/produit\\\/carte-cadeau\\\/\"]}]},{\"@type\":\"ImageObject\",\"inLanguage\":\"fr-FR\",\"@id\":\"https:\\\/\\\/lefildemathilde.fr\\\/index.php\\\/produit\\\/carte-cadeau\\\/#primaryimage\",\"url\":\"https:\\\/\\\/lefildemathilde.fr\\\/wp-content\\\/uploads\\\/2025\\\/09\\\/Visuel-Carte-Cardeau-1-1.jpg\",\"contentUrl\":\"https:\\\/\\\/lefildemathilde.fr\\\/wp-content\\\/uploads\\\/2025\\\/09\\\/Visuel-Carte-Cardeau-1-1.jpg\",\"width\":844,\"height\":844,\"caption\":\"Carte Cadeau Le Fil de Mathilde, Faire Plaisir\"},{\"@type\":\"BreadcrumbList\",\"@id\":\"https:\\\/\\\/lefildemathilde.fr\\\/index.php\\\/produit\\\/carte-cadeau\\\/#breadcrumb\",\"itemListElement\":[{\"@type\":\"ListItem\",\"position\":1,\"name\":\"Accueil\",\"item\":\"https:\\\/\\\/lefildemathilde.fr\\\/\"},{\"@type\":\"ListItem\",\"position\":2,\"name\":\"Boutique Kits de broderie point de bayeux\",\"item\":\"https:\\\/\\\/lefildemathilde.fr\\\/index.php\\\/boutique-kits-de-broderie-point-de-bayeux\\\/\"},{\"@type\":\"ListItem\",\"position\":3,\"name\":\"Carte Cadeau\"}]},{\"@type\":\"WebSite\",\"@id\":\"https:\\\/\\\/lefildemathilde.fr\\\/#website\",\"url\":\"https:\\\/\\\/lefildemathilde.fr\\\/\",\"name\":\"Le Fil de Mathilde\",\"description\":\"Kits de broderie au Point de Bayeux\",\"potentialAction\":[{\"@type\":\"SearchAction\",\"target\":{\"@type\":\"EntryPoint\",\"urlTemplate\":\"https:\\\/\\\/lefildemathilde.fr\\\/?s={search_term_string}\"},\"query-input\":{\"@type\":\"PropertyValueSpecification\",\"valueRequired\":true,\"valueName\":\"search_term_string\"}}],\"inLanguage\":\"fr-FR\"}]}<\/script>\n<!-- \/ Yoast SEO plugin. -->","yoast_head_json":{"title":"Carte Cadeau - Le Fil de Mathilde","description":"Id\u00e9e Cadeau Broderie. Cadeau original. Id\u00e9e cadeau de No\u00ebl. Offrez une carte cadeau Le Fil de Mathilde. Carte Cadeau. Faire plaisir.","robots":{"index":"index","follow":"follow","max-snippet":"max-snippet:-1","max-image-preview":"max-image-preview:large","max-video-preview":"max-video-preview:-1"},"canonical":"https:\/\/lefildemathilde.fr\/index.php\/produit\/carte-cadeau\/","og_locale":"fr_FR","og_type":"article","og_title":"Carte Cadeau - Le Fil de Mathilde","og_description":"Id\u00e9e Cadeau Broderie. Cadeau original. Id\u00e9e cadeau de No\u00ebl. Offrez une carte cadeau Le Fil de Mathilde. Carte Cadeau. Faire plaisir.","og_url":"https:\/\/lefildemathilde.fr\/index.php\/produit\/carte-cadeau\/","og_site_name":"Le Fil de Mathilde","article_modified_time":"2026-04-17T18:38:39+00:00","og_image":[{"width":844,"height":844,"url":"https:\/\/lefildemathilde.fr\/wp-content\/uploads\/2025\/09\/Visuel-Carte-Cardeau-1-1.jpg","type":"image\/jpeg"}],"twitter_card":"summary_large_image","twitter_misc":{"Dur\u00e9e de lecture estim\u00e9e":"1 minute"},"schema":{"@context":"https:\/\/schema.org","@graph":[{"@type":"WebPage","@id":"https:\/\/lefildemathilde.fr\/index.php\/produit\/carte-cadeau\/","url":"https:\/\/lefildemathilde.fr\/index.php\/produit\/carte-cadeau\/","name":"Carte Cadeau - Le Fil de Mathilde","isPartOf":{"@id":"https:\/\/lefildemathilde.fr\/#website"},"primaryImageOfPage":{"@id":"https:\/\/lefildemathilde.fr\/index.php\/produit\/carte-cadeau\/#primaryimage"},"image":{"@id":"https:\/\/lefildemathilde.fr\/index.php\/produit\/carte-cadeau\/#primaryimage"},"thumbnailUrl":"https:\/\/lefildemathilde.fr\/wp-content\/uploads\/2025\/09\/Visuel-Carte-Cardeau-1-1.jpg","datePublished":"2025-09-03T11:49:46+00:00","dateModified":"2026-04-17T18:38:39+00:00","description":"Id\u00e9e Cadeau Broderie. Cadeau original. Id\u00e9e cadeau de No\u00ebl. Offrez une carte cadeau Le Fil de Mathilde. Carte Cadeau. Faire plaisir.","breadcrumb":{"@id":"https:\/\/lefildemathilde.fr\/index.php\/produit\/carte-cadeau\/#breadcrumb"},"inLanguage":"fr-FR","potentialAction":[{"@type":"ReadAction","target":["https:\/\/lefildemathilde.fr\/index.php\/produit\/carte-cadeau\/"]}]},{"@type":"ImageObject","inLanguage":"fr-FR","@id":"https:\/\/lefildemathilde.fr\/index.php\/produit\/carte-cadeau\/#primaryimage","url":"https:\/\/lefildemathilde.fr\/wp-content\/uploads\/2025\/09\/Visuel-Carte-Cardeau-1-1.jpg","contentUrl":"https:\/\/lefildemathilde.fr\/wp-content\/uploads\/2025\/09\/Visuel-Carte-Cardeau-1-1.jpg","width":844,"height":844,"caption":"Carte Cadeau Le Fil de Mathilde, Faire Plaisir"},{"@type":"BreadcrumbList","@id":"https:\/\/lefildemathilde.fr\/index.php\/produit\/carte-cadeau\/#breadcrumb","itemListElement":[{"@type":"ListItem","position":1,"name":"Accueil","item":"https:\/\/lefildemathilde.fr\/"},{"@type":"ListItem","position":2,"name":"Boutique Kits de broderie point de bayeux","item":"https:\/\/lefildemathilde.fr\/index.php\/boutique-kits-de-broderie-point-de-bayeux\/"},{"@type":"ListItem","position":3,"name":"Carte Cadeau"}]},{"@type":"WebSite","@id":"https:\/\/lefildemathilde.fr\/#website","url":"https:\/\/lefildemathilde.fr\/","name":"Le Fil de Mathilde","description":"Kits de broderie au Point de Bayeux","potentialAction":[{"@type":"SearchAction","target":{"@type":"EntryPoint","urlTemplate":"https:\/\/lefildemathilde.fr\/?s={search_term_string}"},"query-input":{"@type":"PropertyValueSpecification","valueRequired":true,"valueName":"search_term_string"}}],"inLanguage":"fr-FR"}]}},"jetpack_sharing_enabled":true,"_links":{"self":[{"href":"https:\/\/lefildemathilde.fr\/index.php\/wp-json\/wp\/v2\/product\/1211","targetHints":{"allow":["GET"]}}],"collection":[{"href":"https:\/\/lefildemathilde.fr\/index.php\/wp-json\/wp\/v2\/product"}],"about":[{"href":"https:\/\/lefildemathilde.fr\/index.php\/wp-json\/wp\/v2\/types\/product"}],"replies":[{"embeddable":true,"href":"https:\/\/lefildemathilde.fr\/index.php\/wp-json\/wp\/v2\/comments?post=1211"}],"wp:featuredmedia":[{"embeddable":true,"href":"https:\/\/lefildemathilde.fr\/index.php\/wp-json\/wp\/v2\/media\/1824"}],"wp:attachment":[{"href":"https:\/\/lefildemathilde.fr\/index.php\/wp-json\/wp\/v2\/media?parent=1211"}],"wp:term":[{"taxonomy":"product_brand","embeddable":true,"href":"https:\/\/lefildemathilde.fr\/index.php\/wp-json\/wp\/v2\/product_brand?post=1211"},{"taxonomy":"product_cat","embeddable":true,"href":"https:\/\/lefildemathilde.fr\/index.php\/wp-json\/wp\/v2\/product_cat?post=1211"},{"taxonomy":"product_tag","embeddable":true,"href":"https:\/\/lefildemathilde.fr\/index.php\/wp-json\/wp\/v2\/product_tag?post=1211"}],"curies":[{"name":"wp","href":"https:\/\/api.w.org\/{rel}","templated":true}]}}