{"id":319,"date":"2025-06-18T13:05:33","date_gmt":"2025-06-18T13:05:33","guid":{"rendered":"https:\/\/lefildemathilde.fr\/?post_type=product&#038;p=319"},"modified":"2026-03-13T14:25:56","modified_gmt":"2026-03-13T14:25:56","slug":"tresse-de-fils-a-broder-bordeaux","status":"publish","type":"product","link":"https:\/\/lefildemathilde.fr\/index.php\/produit\/tresse-de-fils-a-broder-bordeaux\/","title":{"rendered":"Tresse de fils \u00e0 broder Bordeaux 10 g"},"content":{"rendered":"<p>Tresse de fils \u00e0 broder Bordeaux 100 % laine<\/p>\n<p>10 g &#8211; Couleur Bordeaux (environ 140 brins)<\/p>\n<p>Cette laine, trait\u00e9e anti-mites, est sp\u00e9cialement teint\u00e9e pour le Fil de Mathilde.<\/p>\n<p>&nbsp;<\/p>\n<p>L&rsquo;envoi des produits de la boutique aura un num\u00e9ro de suivi.<\/p>\n","protected":false},"excerpt":{"rendered":"<p>Tresse de fils \u00e0 broder Bordeaux 100 % laine<\/p>\n","protected":false},"featured_media":2631,"comment_status":"open","ping_status":"closed","template":"","meta":{"_et_pb_use_builder":"","_et_pb_old_content":"","_et_gb_content_width":""},"product_brand":[],"product_cat":[18,22],"product_tag":[],"class_list":{"0":"post-319","1":"product","2":"type-product","3":"status-publish","4":"has-post-thumbnail","6":"product_cat-accessoires-de-broderie","7":"product_cat-laines-fr","8":"product_shipping_class-poids-inferieur-a-20-gr","10":"first","11":"instock","12":"purchasable","13":"product-type-simple"},"yoast_head":"<!-- This site is optimized with the Yoast SEO plugin v27.4 - https:\/\/yoast.com\/product\/yoast-seo-wordpress\/ -->\n<title>Tresse de fils \u00e0 broder Bordeaux 10 g - Le Fil de Mathilde<\/title>\n<meta name=\"description\" content=\"R\u00e9approvisionnement en laine \u00e0 broder. Pour vos cr\u00e9ations, le Fil de Mathilde vous propose un assortiment de couleurs sp\u00e9cialement teint\u00e9es.\" \/>\n<meta name=\"robots\" content=\"index, follow, max-snippet:-1, max-image-preview:large, max-video-preview:-1\" \/>\n<link rel=\"canonical\" href=\"https:\/\/lefildemathilde.fr\/index.php\/produit\/tresse-de-fils-a-broder-bordeaux\/\" \/>\n<meta property=\"og:locale\" content=\"fr_FR\" \/>\n<meta property=\"og:type\" content=\"article\" \/>\n<meta property=\"og:title\" content=\"Tresse de fils \u00e0 broder Bordeaux 10 g - Le Fil de Mathilde\" \/>\n<meta property=\"og:description\" content=\"R\u00e9approvisionnement en laine \u00e0 broder. Pour vos cr\u00e9ations, le Fil de Mathilde vous propose un assortiment de couleurs sp\u00e9cialement teint\u00e9es.\" \/>\n<meta property=\"og:url\" content=\"https:\/\/lefildemathilde.fr\/index.php\/produit\/tresse-de-fils-a-broder-bordeaux\/\" \/>\n<meta property=\"og:site_name\" content=\"Le Fil de Mathilde\" \/>\n<meta property=\"article:modified_time\" content=\"2026-03-13T14:25:56+00:00\" \/>\n<meta property=\"og:image\" content=\"https:\/\/lefildemathilde.fr\/wp-content\/uploads\/2025\/09\/Tresse-de-laine-brodeaux-en-rond-e1760106369596.jpg\" \/>\n\t<meta property=\"og:image:width\" content=\"800\" \/>\n\t<meta property=\"og:image:height\" content=\"800\" \/>\n\t<meta property=\"og:image:type\" content=\"image\/jpeg\" \/>\n<meta name=\"twitter:card\" content=\"summary_large_image\" \/>\n<meta name=\"twitter:label1\" content=\"Dur\u00e9e de lecture estim\u00e9e\" \/>\n\t<meta name=\"twitter:data1\" content=\"1 minute\" \/>\n<script type=\"application\/ld+json\" class=\"yoast-schema-graph\">{\"@context\":\"https:\\\/\\\/schema.org\",\"@graph\":[{\"@type\":\"WebPage\",\"@id\":\"https:\\\/\\\/lefildemathilde.fr\\\/index.php\\\/produit\\\/tresse-de-fils-a-broder-bordeaux\\\/\",\"url\":\"https:\\\/\\\/lefildemathilde.fr\\\/index.php\\\/produit\\\/tresse-de-fils-a-broder-bordeaux\\\/\",\"name\":\"Tresse de fils \u00e0 broder Bordeaux 10 g - Le Fil de Mathilde\",\"isPartOf\":{\"@id\":\"https:\\\/\\\/lefildemathilde.fr\\\/#website\"},\"primaryImageOfPage\":{\"@id\":\"https:\\\/\\\/lefildemathilde.fr\\\/index.php\\\/produit\\\/tresse-de-fils-a-broder-bordeaux\\\/#primaryimage\"},\"image\":{\"@id\":\"https:\\\/\\\/lefildemathilde.fr\\\/index.php\\\/produit\\\/tresse-de-fils-a-broder-bordeaux\\\/#primaryimage\"},\"thumbnailUrl\":\"https:\\\/\\\/lefildemathilde.fr\\\/wp-content\\\/uploads\\\/2025\\\/09\\\/Tresse-de-laine-brodeaux-en-rond-e1760106369596.jpg\",\"datePublished\":\"2025-06-18T13:05:33+00:00\",\"dateModified\":\"2026-03-13T14:25:56+00:00\",\"description\":\"R\u00e9approvisionnement en laine \u00e0 broder. Pour vos cr\u00e9ations, le Fil de Mathilde vous propose un assortiment de couleurs sp\u00e9cialement teint\u00e9es.\",\"breadcrumb\":{\"@id\":\"https:\\\/\\\/lefildemathilde.fr\\\/index.php\\\/produit\\\/tresse-de-fils-a-broder-bordeaux\\\/#breadcrumb\"},\"inLanguage\":\"fr-FR\",\"potentialAction\":[{\"@type\":\"ReadAction\",\"target\":[\"https:\\\/\\\/lefildemathilde.fr\\\/index.php\\\/produit\\\/tresse-de-fils-a-broder-bordeaux\\\/\"]}]},{\"@type\":\"ImageObject\",\"inLanguage\":\"fr-FR\",\"@id\":\"https:\\\/\\\/lefildemathilde.fr\\\/index.php\\\/produit\\\/tresse-de-fils-a-broder-bordeaux\\\/#primaryimage\",\"url\":\"https:\\\/\\\/lefildemathilde.fr\\\/wp-content\\\/uploads\\\/2025\\\/09\\\/Tresse-de-laine-brodeaux-en-rond-e1760106369596.jpg\",\"contentUrl\":\"https:\\\/\\\/lefildemathilde.fr\\\/wp-content\\\/uploads\\\/2025\\\/09\\\/Tresse-de-laine-brodeaux-en-rond-e1760106369596.jpg\",\"width\":800,\"height\":800,\"caption\":\"Laine \u00e0 broder bordeaux Tapisserie de Bayeux\"},{\"@type\":\"BreadcrumbList\",\"@id\":\"https:\\\/\\\/lefildemathilde.fr\\\/index.php\\\/produit\\\/tresse-de-fils-a-broder-bordeaux\\\/#breadcrumb\",\"itemListElement\":[{\"@type\":\"ListItem\",\"position\":1,\"name\":\"Accueil\",\"item\":\"https:\\\/\\\/lefildemathilde.fr\\\/\"},{\"@type\":\"ListItem\",\"position\":2,\"name\":\"Boutique Kits de broderie point de bayeux\",\"item\":\"https:\\\/\\\/lefildemathilde.fr\\\/index.php\\\/boutique-kits-de-broderie-point-de-bayeux\\\/\"},{\"@type\":\"ListItem\",\"position\":3,\"name\":\"Tresse de fils \u00e0 broder Bordeaux 10 g\"}]},{\"@type\":\"WebSite\",\"@id\":\"https:\\\/\\\/lefildemathilde.fr\\\/#website\",\"url\":\"https:\\\/\\\/lefildemathilde.fr\\\/\",\"name\":\"Le Fil de Mathilde\",\"description\":\"Kits de broderie au Point de Bayeux\",\"potentialAction\":[{\"@type\":\"SearchAction\",\"target\":{\"@type\":\"EntryPoint\",\"urlTemplate\":\"https:\\\/\\\/lefildemathilde.fr\\\/?s={search_term_string}\"},\"query-input\":{\"@type\":\"PropertyValueSpecification\",\"valueRequired\":true,\"valueName\":\"search_term_string\"}}],\"inLanguage\":\"fr-FR\"}]}<\/script>\n<!-- \/ Yoast SEO plugin. -->","yoast_head_json":{"title":"Tresse de fils \u00e0 broder Bordeaux 10 g - Le Fil de Mathilde","description":"R\u00e9approvisionnement en laine \u00e0 broder. Pour vos cr\u00e9ations, le Fil de Mathilde vous propose un assortiment de couleurs sp\u00e9cialement teint\u00e9es.","robots":{"index":"index","follow":"follow","max-snippet":"max-snippet:-1","max-image-preview":"max-image-preview:large","max-video-preview":"max-video-preview:-1"},"canonical":"https:\/\/lefildemathilde.fr\/index.php\/produit\/tresse-de-fils-a-broder-bordeaux\/","og_locale":"fr_FR","og_type":"article","og_title":"Tresse de fils \u00e0 broder Bordeaux 10 g - Le Fil de Mathilde","og_description":"R\u00e9approvisionnement en laine \u00e0 broder. Pour vos cr\u00e9ations, le Fil de Mathilde vous propose un assortiment de couleurs sp\u00e9cialement teint\u00e9es.","og_url":"https:\/\/lefildemathilde.fr\/index.php\/produit\/tresse-de-fils-a-broder-bordeaux\/","og_site_name":"Le Fil de Mathilde","article_modified_time":"2026-03-13T14:25:56+00:00","og_image":[{"width":800,"height":800,"url":"https:\/\/lefildemathilde.fr\/wp-content\/uploads\/2025\/09\/Tresse-de-laine-brodeaux-en-rond-e1760106369596.jpg","type":"image\/jpeg"}],"twitter_card":"summary_large_image","twitter_misc":{"Dur\u00e9e de lecture estim\u00e9e":"1 minute"},"schema":{"@context":"https:\/\/schema.org","@graph":[{"@type":"WebPage","@id":"https:\/\/lefildemathilde.fr\/index.php\/produit\/tresse-de-fils-a-broder-bordeaux\/","url":"https:\/\/lefildemathilde.fr\/index.php\/produit\/tresse-de-fils-a-broder-bordeaux\/","name":"Tresse de fils \u00e0 broder Bordeaux 10 g - Le Fil de Mathilde","isPartOf":{"@id":"https:\/\/lefildemathilde.fr\/#website"},"primaryImageOfPage":{"@id":"https:\/\/lefildemathilde.fr\/index.php\/produit\/tresse-de-fils-a-broder-bordeaux\/#primaryimage"},"image":{"@id":"https:\/\/lefildemathilde.fr\/index.php\/produit\/tresse-de-fils-a-broder-bordeaux\/#primaryimage"},"thumbnailUrl":"https:\/\/lefildemathilde.fr\/wp-content\/uploads\/2025\/09\/Tresse-de-laine-brodeaux-en-rond-e1760106369596.jpg","datePublished":"2025-06-18T13:05:33+00:00","dateModified":"2026-03-13T14:25:56+00:00","description":"R\u00e9approvisionnement en laine \u00e0 broder. Pour vos cr\u00e9ations, le Fil de Mathilde vous propose un assortiment de couleurs sp\u00e9cialement teint\u00e9es.","breadcrumb":{"@id":"https:\/\/lefildemathilde.fr\/index.php\/produit\/tresse-de-fils-a-broder-bordeaux\/#breadcrumb"},"inLanguage":"fr-FR","potentialAction":[{"@type":"ReadAction","target":["https:\/\/lefildemathilde.fr\/index.php\/produit\/tresse-de-fils-a-broder-bordeaux\/"]}]},{"@type":"ImageObject","inLanguage":"fr-FR","@id":"https:\/\/lefildemathilde.fr\/index.php\/produit\/tresse-de-fils-a-broder-bordeaux\/#primaryimage","url":"https:\/\/lefildemathilde.fr\/wp-content\/uploads\/2025\/09\/Tresse-de-laine-brodeaux-en-rond-e1760106369596.jpg","contentUrl":"https:\/\/lefildemathilde.fr\/wp-content\/uploads\/2025\/09\/Tresse-de-laine-brodeaux-en-rond-e1760106369596.jpg","width":800,"height":800,"caption":"Laine \u00e0 broder bordeaux Tapisserie de Bayeux"},{"@type":"BreadcrumbList","@id":"https:\/\/lefildemathilde.fr\/index.php\/produit\/tresse-de-fils-a-broder-bordeaux\/#breadcrumb","itemListElement":[{"@type":"ListItem","position":1,"name":"Accueil","item":"https:\/\/lefildemathilde.fr\/"},{"@type":"ListItem","position":2,"name":"Boutique Kits de broderie point de bayeux","item":"https:\/\/lefildemathilde.fr\/index.php\/boutique-kits-de-broderie-point-de-bayeux\/"},{"@type":"ListItem","position":3,"name":"Tresse de fils \u00e0 broder Bordeaux 10 g"}]},{"@type":"WebSite","@id":"https:\/\/lefildemathilde.fr\/#website","url":"https:\/\/lefildemathilde.fr\/","name":"Le Fil de Mathilde","description":"Kits de broderie au Point de Bayeux","potentialAction":[{"@type":"SearchAction","target":{"@type":"EntryPoint","urlTemplate":"https:\/\/lefildemathilde.fr\/?s={search_term_string}"},"query-input":{"@type":"PropertyValueSpecification","valueRequired":true,"valueName":"search_term_string"}}],"inLanguage":"fr-FR"}]}},"jetpack_sharing_enabled":true,"_links":{"self":[{"href":"https:\/\/lefildemathilde.fr\/index.php\/wp-json\/wp\/v2\/product\/319","targetHints":{"allow":["GET"]}}],"collection":[{"href":"https:\/\/lefildemathilde.fr\/index.php\/wp-json\/wp\/v2\/product"}],"about":[{"href":"https:\/\/lefildemathilde.fr\/index.php\/wp-json\/wp\/v2\/types\/product"}],"replies":[{"embeddable":true,"href":"https:\/\/lefildemathilde.fr\/index.php\/wp-json\/wp\/v2\/comments?post=319"}],"wp:featuredmedia":[{"embeddable":true,"href":"https:\/\/lefildemathilde.fr\/index.php\/wp-json\/wp\/v2\/media\/2631"}],"wp:attachment":[{"href":"https:\/\/lefildemathilde.fr\/index.php\/wp-json\/wp\/v2\/media?parent=319"}],"wp:term":[{"taxonomy":"product_brand","embeddable":true,"href":"https:\/\/lefildemathilde.fr\/index.php\/wp-json\/wp\/v2\/product_brand?post=319"},{"taxonomy":"product_cat","embeddable":true,"href":"https:\/\/lefildemathilde.fr\/index.php\/wp-json\/wp\/v2\/product_cat?post=319"},{"taxonomy":"product_tag","embeddable":true,"href":"https:\/\/lefildemathilde.fr\/index.php\/wp-json\/wp\/v2\/product_tag?post=319"}],"curies":[{"name":"wp","href":"https:\/\/api.w.org\/{rel}","templated":true}]}}