{"id":325,"date":"2025-06-18T15:56:30","date_gmt":"2025-06-18T15:56:30","guid":{"rendered":"https:\/\/lefildemathilde.fr\/?post_type=product&#038;p=325"},"modified":"2025-10-23T15:26:18","modified_gmt":"2025-10-23T15:26:18","slug":"coupe-fil-broderie","status":"publish","type":"product","link":"https:\/\/lefildemathilde.fr\/index.php\/produit\/coupe-fil-broderie\/","title":{"rendered":"Coupe-fil Broderie"},"content":{"rendered":"<p><strong>Petites forces ou coupe-fil de broderie<\/strong> (environ 10,5 cm)<br \/>\nFacile \u00e0 utiliser, facile \u00e0 transporter avec leur \u00e9tui en cuir. Parfait pour couper vos fils.<\/p>\n<p>Cet accessoire se rendra indispensable par son faible encombrement et la s\u00e9curit\u00e9 de son \u00e9tui.<\/p>\n<p>L&rsquo;envoi des produits de la boutique aura un num\u00e9ro de suivi.<\/p>\n","protected":false},"excerpt":{"rendered":"<p>Petites forces ou coupe-fil de broderie<\/p>\n","protected":false},"featured_media":2610,"comment_status":"open","ping_status":"closed","template":"","meta":{"_et_pb_use_builder":"","_et_pb_old_content":"","_et_gb_content_width":""},"product_brand":[],"product_cat":[18,26],"product_tag":[],"class_list":{"0":"post-325","1":"product","2":"type-product","3":"status-publish","4":"has-post-thumbnail","6":"product_cat-accessoires-de-broderie","7":"product_cat-coupe-fils","8":"product_shipping_class-poids-de-21-gr-a-50-gr","10":"first","11":"instock","12":"purchasable","13":"product-type-variable"},"yoast_head":"<!-- This site is optimized with the Yoast SEO plugin v27.4 - https:\/\/yoast.com\/product\/yoast-seo-wordpress\/ -->\n<title>Coupe-fil Broderie - Le Fil de Mathilde<\/title>\n<meta name=\"description\" content=\"Petites forces pour la broderie. Coupe-fil id\u00e9al pour les petits travaux de couture. Faciles \u00e0 utiliser elles deviendront un outil indispensable.\" \/>\n<meta name=\"robots\" content=\"index, follow, max-snippet:-1, max-image-preview:large, max-video-preview:-1\" \/>\n<link rel=\"canonical\" href=\"https:\/\/lefildemathilde.fr\/index.php\/produit\/coupe-fil-broderie\/\" \/>\n<meta property=\"og:locale\" content=\"fr_FR\" \/>\n<meta property=\"og:type\" content=\"article\" \/>\n<meta property=\"og:title\" content=\"Coupe-fil Broderie - Le Fil de Mathilde\" \/>\n<meta property=\"og:description\" content=\"Petites forces pour la broderie. Coupe-fil id\u00e9al pour les petits travaux de couture. Faciles \u00e0 utiliser elles deviendront un outil indispensable.\" \/>\n<meta property=\"og:url\" content=\"https:\/\/lefildemathilde.fr\/index.php\/produit\/coupe-fil-broderie\/\" \/>\n<meta property=\"og:site_name\" content=\"Le Fil de Mathilde\" \/>\n<meta property=\"article:modified_time\" content=\"2025-10-23T15:26:18+00:00\" \/>\n<meta property=\"og:image\" content=\"https:\/\/lefildemathilde.fr\/wp-content\/uploads\/2025\/09\/Coupe-fils-noir-e1758612997531.jpg\" \/>\n\t<meta property=\"og:image:width\" content=\"910\" \/>\n\t<meta property=\"og:image:height\" content=\"910\" \/>\n\t<meta property=\"og:image:type\" content=\"image\/jpeg\" \/>\n<meta name=\"twitter:card\" content=\"summary_large_image\" \/>\n<meta name=\"twitter:label1\" content=\"Dur\u00e9e de lecture estim\u00e9e\" \/>\n\t<meta name=\"twitter:data1\" content=\"1 minute\" \/>\n<script type=\"application\/ld+json\" class=\"yoast-schema-graph\">{\"@context\":\"https:\\\/\\\/schema.org\",\"@graph\":[{\"@type\":\"WebPage\",\"@id\":\"https:\\\/\\\/lefildemathilde.fr\\\/index.php\\\/produit\\\/coupe-fil-broderie\\\/\",\"url\":\"https:\\\/\\\/lefildemathilde.fr\\\/index.php\\\/produit\\\/coupe-fil-broderie\\\/\",\"name\":\"Coupe-fil Broderie - Le Fil de Mathilde\",\"isPartOf\":{\"@id\":\"https:\\\/\\\/lefildemathilde.fr\\\/#website\"},\"primaryImageOfPage\":{\"@id\":\"https:\\\/\\\/lefildemathilde.fr\\\/index.php\\\/produit\\\/coupe-fil-broderie\\\/#primaryimage\"},\"image\":{\"@id\":\"https:\\\/\\\/lefildemathilde.fr\\\/index.php\\\/produit\\\/coupe-fil-broderie\\\/#primaryimage\"},\"thumbnailUrl\":\"https:\\\/\\\/lefildemathilde.fr\\\/wp-content\\\/uploads\\\/2025\\\/09\\\/Coupe-fils-noir-e1758612997531.jpg\",\"datePublished\":\"2025-06-18T15:56:30+00:00\",\"dateModified\":\"2025-10-23T15:26:18+00:00\",\"description\":\"Petites forces pour la broderie. Coupe-fil id\u00e9al pour les petits travaux de couture. Faciles \u00e0 utiliser elles deviendront un outil indispensable.\",\"breadcrumb\":{\"@id\":\"https:\\\/\\\/lefildemathilde.fr\\\/index.php\\\/produit\\\/coupe-fil-broderie\\\/#breadcrumb\"},\"inLanguage\":\"fr-FR\",\"potentialAction\":[{\"@type\":\"ReadAction\",\"target\":[\"https:\\\/\\\/lefildemathilde.fr\\\/index.php\\\/produit\\\/coupe-fil-broderie\\\/\"]}]},{\"@type\":\"ImageObject\",\"inLanguage\":\"fr-FR\",\"@id\":\"https:\\\/\\\/lefildemathilde.fr\\\/index.php\\\/produit\\\/coupe-fil-broderie\\\/#primaryimage\",\"url\":\"https:\\\/\\\/lefildemathilde.fr\\\/wp-content\\\/uploads\\\/2025\\\/09\\\/Coupe-fils-noir-e1758612997531.jpg\",\"contentUrl\":\"https:\\\/\\\/lefildemathilde.fr\\\/wp-content\\\/uploads\\\/2025\\\/09\\\/Coupe-fils-noir-e1758612997531.jpg\",\"width\":910,\"height\":910,\"caption\":\"Coupe-fils noir\"},{\"@type\":\"BreadcrumbList\",\"@id\":\"https:\\\/\\\/lefildemathilde.fr\\\/index.php\\\/produit\\\/coupe-fil-broderie\\\/#breadcrumb\",\"itemListElement\":[{\"@type\":\"ListItem\",\"position\":1,\"name\":\"Accueil\",\"item\":\"https:\\\/\\\/lefildemathilde.fr\\\/\"},{\"@type\":\"ListItem\",\"position\":2,\"name\":\"Boutique Kits de broderie point de bayeux\",\"item\":\"https:\\\/\\\/lefildemathilde.fr\\\/index.php\\\/boutique-kits-de-broderie-point-de-bayeux\\\/\"},{\"@type\":\"ListItem\",\"position\":3,\"name\":\"Coupe-fil Broderie\"}]},{\"@type\":\"WebSite\",\"@id\":\"https:\\\/\\\/lefildemathilde.fr\\\/#website\",\"url\":\"https:\\\/\\\/lefildemathilde.fr\\\/\",\"name\":\"Le Fil de Mathilde\",\"description\":\"Kits de broderie au Point de Bayeux\",\"potentialAction\":[{\"@type\":\"SearchAction\",\"target\":{\"@type\":\"EntryPoint\",\"urlTemplate\":\"https:\\\/\\\/lefildemathilde.fr\\\/?s={search_term_string}\"},\"query-input\":{\"@type\":\"PropertyValueSpecification\",\"valueRequired\":true,\"valueName\":\"search_term_string\"}}],\"inLanguage\":\"fr-FR\"}]}<\/script>\n<!-- \/ Yoast SEO plugin. -->","yoast_head_json":{"title":"Coupe-fil Broderie - Le Fil de Mathilde","description":"Petites forces pour la broderie. Coupe-fil id\u00e9al pour les petits travaux de couture. Faciles \u00e0 utiliser elles deviendront un outil indispensable.","robots":{"index":"index","follow":"follow","max-snippet":"max-snippet:-1","max-image-preview":"max-image-preview:large","max-video-preview":"max-video-preview:-1"},"canonical":"https:\/\/lefildemathilde.fr\/index.php\/produit\/coupe-fil-broderie\/","og_locale":"fr_FR","og_type":"article","og_title":"Coupe-fil Broderie - Le Fil de Mathilde","og_description":"Petites forces pour la broderie. Coupe-fil id\u00e9al pour les petits travaux de couture. Faciles \u00e0 utiliser elles deviendront un outil indispensable.","og_url":"https:\/\/lefildemathilde.fr\/index.php\/produit\/coupe-fil-broderie\/","og_site_name":"Le Fil de Mathilde","article_modified_time":"2025-10-23T15:26:18+00:00","og_image":[{"width":910,"height":910,"url":"https:\/\/lefildemathilde.fr\/wp-content\/uploads\/2025\/09\/Coupe-fils-noir-e1758612997531.jpg","type":"image\/jpeg"}],"twitter_card":"summary_large_image","twitter_misc":{"Dur\u00e9e de lecture estim\u00e9e":"1 minute"},"schema":{"@context":"https:\/\/schema.org","@graph":[{"@type":"WebPage","@id":"https:\/\/lefildemathilde.fr\/index.php\/produit\/coupe-fil-broderie\/","url":"https:\/\/lefildemathilde.fr\/index.php\/produit\/coupe-fil-broderie\/","name":"Coupe-fil Broderie - Le Fil de Mathilde","isPartOf":{"@id":"https:\/\/lefildemathilde.fr\/#website"},"primaryImageOfPage":{"@id":"https:\/\/lefildemathilde.fr\/index.php\/produit\/coupe-fil-broderie\/#primaryimage"},"image":{"@id":"https:\/\/lefildemathilde.fr\/index.php\/produit\/coupe-fil-broderie\/#primaryimage"},"thumbnailUrl":"https:\/\/lefildemathilde.fr\/wp-content\/uploads\/2025\/09\/Coupe-fils-noir-e1758612997531.jpg","datePublished":"2025-06-18T15:56:30+00:00","dateModified":"2025-10-23T15:26:18+00:00","description":"Petites forces pour la broderie. Coupe-fil id\u00e9al pour les petits travaux de couture. Faciles \u00e0 utiliser elles deviendront un outil indispensable.","breadcrumb":{"@id":"https:\/\/lefildemathilde.fr\/index.php\/produit\/coupe-fil-broderie\/#breadcrumb"},"inLanguage":"fr-FR","potentialAction":[{"@type":"ReadAction","target":["https:\/\/lefildemathilde.fr\/index.php\/produit\/coupe-fil-broderie\/"]}]},{"@type":"ImageObject","inLanguage":"fr-FR","@id":"https:\/\/lefildemathilde.fr\/index.php\/produit\/coupe-fil-broderie\/#primaryimage","url":"https:\/\/lefildemathilde.fr\/wp-content\/uploads\/2025\/09\/Coupe-fils-noir-e1758612997531.jpg","contentUrl":"https:\/\/lefildemathilde.fr\/wp-content\/uploads\/2025\/09\/Coupe-fils-noir-e1758612997531.jpg","width":910,"height":910,"caption":"Coupe-fils noir"},{"@type":"BreadcrumbList","@id":"https:\/\/lefildemathilde.fr\/index.php\/produit\/coupe-fil-broderie\/#breadcrumb","itemListElement":[{"@type":"ListItem","position":1,"name":"Accueil","item":"https:\/\/lefildemathilde.fr\/"},{"@type":"ListItem","position":2,"name":"Boutique Kits de broderie point de bayeux","item":"https:\/\/lefildemathilde.fr\/index.php\/boutique-kits-de-broderie-point-de-bayeux\/"},{"@type":"ListItem","position":3,"name":"Coupe-fil Broderie"}]},{"@type":"WebSite","@id":"https:\/\/lefildemathilde.fr\/#website","url":"https:\/\/lefildemathilde.fr\/","name":"Le Fil de Mathilde","description":"Kits de broderie au Point de Bayeux","potentialAction":[{"@type":"SearchAction","target":{"@type":"EntryPoint","urlTemplate":"https:\/\/lefildemathilde.fr\/?s={search_term_string}"},"query-input":{"@type":"PropertyValueSpecification","valueRequired":true,"valueName":"search_term_string"}}],"inLanguage":"fr-FR"}]}},"jetpack_sharing_enabled":true,"_links":{"self":[{"href":"https:\/\/lefildemathilde.fr\/index.php\/wp-json\/wp\/v2\/product\/325","targetHints":{"allow":["GET"]}}],"collection":[{"href":"https:\/\/lefildemathilde.fr\/index.php\/wp-json\/wp\/v2\/product"}],"about":[{"href":"https:\/\/lefildemathilde.fr\/index.php\/wp-json\/wp\/v2\/types\/product"}],"replies":[{"embeddable":true,"href":"https:\/\/lefildemathilde.fr\/index.php\/wp-json\/wp\/v2\/comments?post=325"}],"wp:featuredmedia":[{"embeddable":true,"href":"https:\/\/lefildemathilde.fr\/index.php\/wp-json\/wp\/v2\/media\/2610"}],"wp:attachment":[{"href":"https:\/\/lefildemathilde.fr\/index.php\/wp-json\/wp\/v2\/media?parent=325"}],"wp:term":[{"taxonomy":"product_brand","embeddable":true,"href":"https:\/\/lefildemathilde.fr\/index.php\/wp-json\/wp\/v2\/product_brand?post=325"},{"taxonomy":"product_cat","embeddable":true,"href":"https:\/\/lefildemathilde.fr\/index.php\/wp-json\/wp\/v2\/product_cat?post=325"},{"taxonomy":"product_tag","embeddable":true,"href":"https:\/\/lefildemathilde.fr\/index.php\/wp-json\/wp\/v2\/product_tag?post=325"}],"curies":[{"name":"wp","href":"https:\/\/api.w.org\/{rel}","templated":true}]}}