{"id":3549,"date":"2026-02-09T10:59:18","date_gmt":"2026-02-09T10:59:18","guid":{"rendered":"https:\/\/lefildemathilde.fr\/?post_type=product&#038;p=3549"},"modified":"2026-04-17T18:38:39","modified_gmt":"2026-04-17T18:38:39","slug":"broche-coeur-saint-valentin-point-de-bayeux","status":"publish","type":"product","link":"https:\/\/lefildemathilde.fr\/index.php\/produit\/broche-coeur-saint-valentin-point-de-bayeux\/","title":{"rendered":"Broche C\u0153ur Saint Valentin Point de Bayeux"},"content":{"rendered":"<p><strong>Broche C\u0153ur Saint Valentin Brod\u00e9e au point de Bayeux.\u00a0<\/strong><br \/>\nCes broches sont r\u00e9alis\u00e9es avec soin en Normandie. Elles sont brod\u00e9es \u00e0 la main au Point de Bayeux.<br \/>\nLes dessins de ces broches sont des cr\u00e9ations originales et uniques.<\/p>\n<p>Fabrication :<br \/>\nFil de laine brod\u00e9 sur toile de lin<\/p>\n<p>\u00d8 45 mm<\/p>\n","protected":false},"excerpt":{"rendered":"<p>Broche C\u0153ur Saint Valentin Brod\u00e9e au point de Bayeux.\u00a0 Ces broches sont r\u00e9alis\u00e9es avec soin en Normandie. Elles sont brod\u00e9es \u00e0 la main au Point de Bayeux. Les dessins de [&hellip;]<\/p>\n","protected":false},"featured_media":3622,"comment_status":"open","ping_status":"closed","template":"","meta":{"_et_pb_use_builder":"","_et_pb_old_content":"","_et_gb_content_width":""},"product_brand":[],"product_cat":[390],"product_tag":[],"class_list":{"0":"post-3549","1":"product","2":"type-product","3":"status-publish","4":"has-post-thumbnail","6":"product_cat-broche-brodee","7":"product_shipping_class-poids-de-51-gr-a-100-gr","9":"first","10":"instock","11":"taxable","12":"shipping-taxable","13":"purchasable","14":"product-type-simple"},"yoast_head":"<!-- This site is optimized with the Yoast SEO plugin v27.6 - https:\/\/yoast.com\/product\/yoast-seo-wordpress\/ -->\n<title>Broche C\u0153ur Saint Valentin Point de Bayeux - Le Fil de Mathilde<\/title>\n<meta name=\"description\" content=\"Une broche brod\u00e9e \u00e0 la main au point de Bayeux.\" \/>\n<meta name=\"robots\" content=\"index, follow, max-snippet:-1, max-image-preview:large, max-video-preview:-1\" \/>\n<link rel=\"canonical\" href=\"https:\/\/lefildemathilde.fr\/index.php\/produit\/broche-coeur-saint-valentin-point-de-bayeux\/\" \/>\n<meta property=\"og:locale\" content=\"fr_FR\" \/>\n<meta property=\"og:type\" content=\"article\" \/>\n<meta property=\"og:title\" content=\"Broche C\u0153ur Saint Valentin Point de Bayeux - Le Fil de Mathilde\" \/>\n<meta property=\"og:description\" content=\"Une broche brod\u00e9e \u00e0 la main au point de Bayeux.\" \/>\n<meta property=\"og:url\" content=\"https:\/\/lefildemathilde.fr\/index.php\/produit\/broche-coeur-saint-valentin-point-de-bayeux\/\" \/>\n<meta property=\"og:site_name\" content=\"Le Fil de Mathilde\" \/>\n<meta property=\"article:modified_time\" content=\"2026-04-17T18:38:39+00:00\" \/>\n<meta property=\"og:image\" content=\"https:\/\/lefildemathilde.fr\/wp-content\/uploads\/2026\/02\/broche-Coeur-1-e1770634852150.jpg\" \/>\n\t<meta property=\"og:image:width\" content=\"838\" \/>\n\t<meta property=\"og:image:height\" content=\"785\" \/>\n\t<meta property=\"og:image:type\" content=\"image\/jpeg\" \/>\n<meta name=\"twitter:card\" content=\"summary_large_image\" \/>\n<meta name=\"twitter:label1\" content=\"Dur\u00e9e de lecture estim\u00e9e\" \/>\n\t<meta name=\"twitter:data1\" content=\"1 minute\" \/>\n<script type=\"application\/ld+json\" class=\"yoast-schema-graph\">{\"@context\":\"https:\\\/\\\/schema.org\",\"@graph\":[{\"@type\":\"WebPage\",\"@id\":\"https:\\\/\\\/lefildemathilde.fr\\\/index.php\\\/produit\\\/broche-coeur-saint-valentin-point-de-bayeux\\\/\",\"url\":\"https:\\\/\\\/lefildemathilde.fr\\\/index.php\\\/produit\\\/broche-coeur-saint-valentin-point-de-bayeux\\\/\",\"name\":\"Broche C\u0153ur Saint Valentin Point de Bayeux - Le Fil de Mathilde\",\"isPartOf\":{\"@id\":\"https:\\\/\\\/lefildemathilde.fr\\\/#website\"},\"primaryImageOfPage\":{\"@id\":\"https:\\\/\\\/lefildemathilde.fr\\\/index.php\\\/produit\\\/broche-coeur-saint-valentin-point-de-bayeux\\\/#primaryimage\"},\"image\":{\"@id\":\"https:\\\/\\\/lefildemathilde.fr\\\/index.php\\\/produit\\\/broche-coeur-saint-valentin-point-de-bayeux\\\/#primaryimage\"},\"thumbnailUrl\":\"https:\\\/\\\/lefildemathilde.fr\\\/wp-content\\\/uploads\\\/2026\\\/02\\\/broche-Coeur-1-e1770634852150.jpg\",\"datePublished\":\"2026-02-09T10:59:18+00:00\",\"dateModified\":\"2026-04-17T18:38:39+00:00\",\"description\":\"Une broche brod\u00e9e \u00e0 la main au point de Bayeux.\",\"breadcrumb\":{\"@id\":\"https:\\\/\\\/lefildemathilde.fr\\\/index.php\\\/produit\\\/broche-coeur-saint-valentin-point-de-bayeux\\\/#breadcrumb\"},\"inLanguage\":\"fr-FR\",\"potentialAction\":[{\"@type\":\"ReadAction\",\"target\":[\"https:\\\/\\\/lefildemathilde.fr\\\/index.php\\\/produit\\\/broche-coeur-saint-valentin-point-de-bayeux\\\/\"]}]},{\"@type\":\"ImageObject\",\"inLanguage\":\"fr-FR\",\"@id\":\"https:\\\/\\\/lefildemathilde.fr\\\/index.php\\\/produit\\\/broche-coeur-saint-valentin-point-de-bayeux\\\/#primaryimage\",\"url\":\"https:\\\/\\\/lefildemathilde.fr\\\/wp-content\\\/uploads\\\/2026\\\/02\\\/broche-Coeur-1-e1770634852150.jpg\",\"contentUrl\":\"https:\\\/\\\/lefildemathilde.fr\\\/wp-content\\\/uploads\\\/2026\\\/02\\\/broche-Coeur-1-e1770634852150.jpg\",\"width\":838,\"height\":785,\"caption\":\"Broche Coeur saint Valentin Point de Bayeux\"},{\"@type\":\"BreadcrumbList\",\"@id\":\"https:\\\/\\\/lefildemathilde.fr\\\/index.php\\\/produit\\\/broche-coeur-saint-valentin-point-de-bayeux\\\/#breadcrumb\",\"itemListElement\":[{\"@type\":\"ListItem\",\"position\":1,\"name\":\"Accueil\",\"item\":\"https:\\\/\\\/lefildemathilde.fr\\\/\"},{\"@type\":\"ListItem\",\"position\":2,\"name\":\"Boutique Kits de broderie point de bayeux\",\"item\":\"https:\\\/\\\/lefildemathilde.fr\\\/index.php\\\/boutique-kits-de-broderie-point-de-bayeux\\\/\"},{\"@type\":\"ListItem\",\"position\":3,\"name\":\"Broche C\u0153ur Saint Valentin Point de Bayeux\"}]},{\"@type\":\"WebSite\",\"@id\":\"https:\\\/\\\/lefildemathilde.fr\\\/#website\",\"url\":\"https:\\\/\\\/lefildemathilde.fr\\\/\",\"name\":\"Le Fil de Mathilde\",\"description\":\"Kits de broderie au Point de Bayeux\",\"potentialAction\":[{\"@type\":\"SearchAction\",\"target\":{\"@type\":\"EntryPoint\",\"urlTemplate\":\"https:\\\/\\\/lefildemathilde.fr\\\/?s={search_term_string}\"},\"query-input\":{\"@type\":\"PropertyValueSpecification\",\"valueRequired\":true,\"valueName\":\"search_term_string\"}}],\"inLanguage\":\"fr-FR\"}]}<\/script>\n<!-- \/ Yoast SEO plugin. -->","yoast_head_json":{"title":"Broche C\u0153ur Saint Valentin Point de Bayeux - Le Fil de Mathilde","description":"Une broche brod\u00e9e \u00e0 la main au point de Bayeux.","robots":{"index":"index","follow":"follow","max-snippet":"max-snippet:-1","max-image-preview":"max-image-preview:large","max-video-preview":"max-video-preview:-1"},"canonical":"https:\/\/lefildemathilde.fr\/index.php\/produit\/broche-coeur-saint-valentin-point-de-bayeux\/","og_locale":"fr_FR","og_type":"article","og_title":"Broche C\u0153ur Saint Valentin Point de Bayeux - Le Fil de Mathilde","og_description":"Une broche brod\u00e9e \u00e0 la main au point de Bayeux.","og_url":"https:\/\/lefildemathilde.fr\/index.php\/produit\/broche-coeur-saint-valentin-point-de-bayeux\/","og_site_name":"Le Fil de Mathilde","article_modified_time":"2026-04-17T18:38:39+00:00","og_image":[{"width":838,"height":785,"url":"https:\/\/lefildemathilde.fr\/wp-content\/uploads\/2026\/02\/broche-Coeur-1-e1770634852150.jpg","type":"image\/jpeg"}],"twitter_card":"summary_large_image","twitter_misc":{"Dur\u00e9e de lecture estim\u00e9e":"1 minute"},"schema":{"@context":"https:\/\/schema.org","@graph":[{"@type":"WebPage","@id":"https:\/\/lefildemathilde.fr\/index.php\/produit\/broche-coeur-saint-valentin-point-de-bayeux\/","url":"https:\/\/lefildemathilde.fr\/index.php\/produit\/broche-coeur-saint-valentin-point-de-bayeux\/","name":"Broche C\u0153ur Saint Valentin Point de Bayeux - Le Fil de Mathilde","isPartOf":{"@id":"https:\/\/lefildemathilde.fr\/#website"},"primaryImageOfPage":{"@id":"https:\/\/lefildemathilde.fr\/index.php\/produit\/broche-coeur-saint-valentin-point-de-bayeux\/#primaryimage"},"image":{"@id":"https:\/\/lefildemathilde.fr\/index.php\/produit\/broche-coeur-saint-valentin-point-de-bayeux\/#primaryimage"},"thumbnailUrl":"https:\/\/lefildemathilde.fr\/wp-content\/uploads\/2026\/02\/broche-Coeur-1-e1770634852150.jpg","datePublished":"2026-02-09T10:59:18+00:00","dateModified":"2026-04-17T18:38:39+00:00","description":"Une broche brod\u00e9e \u00e0 la main au point de Bayeux.","breadcrumb":{"@id":"https:\/\/lefildemathilde.fr\/index.php\/produit\/broche-coeur-saint-valentin-point-de-bayeux\/#breadcrumb"},"inLanguage":"fr-FR","potentialAction":[{"@type":"ReadAction","target":["https:\/\/lefildemathilde.fr\/index.php\/produit\/broche-coeur-saint-valentin-point-de-bayeux\/"]}]},{"@type":"ImageObject","inLanguage":"fr-FR","@id":"https:\/\/lefildemathilde.fr\/index.php\/produit\/broche-coeur-saint-valentin-point-de-bayeux\/#primaryimage","url":"https:\/\/lefildemathilde.fr\/wp-content\/uploads\/2026\/02\/broche-Coeur-1-e1770634852150.jpg","contentUrl":"https:\/\/lefildemathilde.fr\/wp-content\/uploads\/2026\/02\/broche-Coeur-1-e1770634852150.jpg","width":838,"height":785,"caption":"Broche Coeur saint Valentin Point de Bayeux"},{"@type":"BreadcrumbList","@id":"https:\/\/lefildemathilde.fr\/index.php\/produit\/broche-coeur-saint-valentin-point-de-bayeux\/#breadcrumb","itemListElement":[{"@type":"ListItem","position":1,"name":"Accueil","item":"https:\/\/lefildemathilde.fr\/"},{"@type":"ListItem","position":2,"name":"Boutique Kits de broderie point de bayeux","item":"https:\/\/lefildemathilde.fr\/index.php\/boutique-kits-de-broderie-point-de-bayeux\/"},{"@type":"ListItem","position":3,"name":"Broche C\u0153ur Saint Valentin Point de Bayeux"}]},{"@type":"WebSite","@id":"https:\/\/lefildemathilde.fr\/#website","url":"https:\/\/lefildemathilde.fr\/","name":"Le Fil de Mathilde","description":"Kits de broderie au Point de Bayeux","potentialAction":[{"@type":"SearchAction","target":{"@type":"EntryPoint","urlTemplate":"https:\/\/lefildemathilde.fr\/?s={search_term_string}"},"query-input":{"@type":"PropertyValueSpecification","valueRequired":true,"valueName":"search_term_string"}}],"inLanguage":"fr-FR"}]}},"jetpack_sharing_enabled":true,"_links":{"self":[{"href":"https:\/\/lefildemathilde.fr\/index.php\/wp-json\/wp\/v2\/product\/3549","targetHints":{"allow":["GET"]}}],"collection":[{"href":"https:\/\/lefildemathilde.fr\/index.php\/wp-json\/wp\/v2\/product"}],"about":[{"href":"https:\/\/lefildemathilde.fr\/index.php\/wp-json\/wp\/v2\/types\/product"}],"replies":[{"embeddable":true,"href":"https:\/\/lefildemathilde.fr\/index.php\/wp-json\/wp\/v2\/comments?post=3549"}],"wp:featuredmedia":[{"embeddable":true,"href":"https:\/\/lefildemathilde.fr\/index.php\/wp-json\/wp\/v2\/media\/3622"}],"wp:attachment":[{"href":"https:\/\/lefildemathilde.fr\/index.php\/wp-json\/wp\/v2\/media?parent=3549"}],"wp:term":[{"taxonomy":"product_brand","embeddable":true,"href":"https:\/\/lefildemathilde.fr\/index.php\/wp-json\/wp\/v2\/product_brand?post=3549"},{"taxonomy":"product_cat","embeddable":true,"href":"https:\/\/lefildemathilde.fr\/index.php\/wp-json\/wp\/v2\/product_cat?post=3549"},{"taxonomy":"product_tag","embeddable":true,"href":"https:\/\/lefildemathilde.fr\/index.php\/wp-json\/wp\/v2\/product_tag?post=3549"}],"curies":[{"name":"wp","href":"https:\/\/api.w.org\/{rel}","templated":true}]}}