{"id":3577,"date":"2026-01-29T16:52:26","date_gmt":"2026-01-29T16:52:26","guid":{"rendered":"https:\/\/lefildemathilde.fr\/?post_type=product&#038;p=3577"},"modified":"2026-05-01T18:46:37","modified_gmt":"2026-05-01T18:46:37","slug":"kit-la-nativite","status":"publish","type":"product","link":"https:\/\/lefildemathilde.fr\/index.php\/produit\/kit-la-nativite\/","title":{"rendered":"Kit La Nativit\u00e9"},"content":{"rendered":"<p style=\"font-weight: 400;\"><strong>Contenu du Kit\u00a0:<br \/>\n<\/strong>&#8211; Une toile imprim\u00e9e 100% lin L 25 cm x H 26 cm<br \/>\n&#8211; Une tresse de fils \u00e0 broder 100% laine<br \/>\n&#8211; Une fiche explicative du point de Bayeux<br \/>\n&#8211; Une aiguille \u00e0 broder n\u00b05 de la Marque Fran\u00e7aise Bohin<\/p>\n<p style=\"font-weight: 400;\"><strong>Kit cr\u00e9\u00e9 et fabriqu\u00e9 en Normandie par <\/strong><strong>Le Fil de Mathilde<br \/>\n<\/strong><strong><br \/>\nDimensions de la broderie :<\/strong> L 10 cm x H 14 cm<\/p>\n<p><strong>A NOTER<\/strong><br \/>\nPour ex\u00e9cuter parfaitement le Point de Bayeux, un tambour \u00e0 broder sera indispensable.<\/p>\n<p>L&rsquo;envoi des produits de la boutique aura un num\u00e9ro de suivi.<\/p>\n","protected":false},"excerpt":{"rendered":"<p>Kit de Broderie au Point de Bayeux<\/p>\n","protected":false},"featured_media":3580,"comment_status":"open","ping_status":"closed","template":"","meta":{"_et_pb_use_builder":"","_et_pb_old_content":"","_et_gb_content_width":""},"product_brand":[],"product_cat":[29,30],"product_tag":[],"class_list":{"0":"post-3577","1":"product","2":"type-product","3":"status-publish","4":"has-post-thumbnail","6":"product_cat-kits-de-broderie","7":"product_cat-kits-de-mathilde","8":"product_shipping_class-poids-de-21-gr-a-50-gr","10":"first","11":"instock","12":"purchasable","13":"product-type-simple"},"yoast_head":"<!-- This site is optimized with the Yoast SEO plugin v27.5 - https:\/\/yoast.com\/product\/yoast-seo-wordpress\/ -->\n<title>Kit La Nativit\u00e9 - Le Fil de Mathilde<\/title>\n<meta name=\"description\" content=\"Kit de Broderie Point de Bayeux Motif La Nativit\u00e9. Le point de Bayeux est un point facile et qui vous promet des heures de broderie en toute d\u00e9tente.\" \/>\n<meta name=\"robots\" content=\"index, follow, max-snippet:-1, max-image-preview:large, max-video-preview:-1\" \/>\n<link rel=\"canonical\" href=\"https:\/\/lefildemathilde.fr\/index.php\/produit\/kit-la-nativite\/\" \/>\n<meta property=\"og:locale\" content=\"fr_FR\" \/>\n<meta property=\"og:type\" content=\"article\" \/>\n<meta property=\"og:title\" content=\"Kit La Nativit\u00e9 - Le Fil de Mathilde\" \/>\n<meta property=\"og:description\" content=\"Kit de Broderie Point de Bayeux Motif La Nativit\u00e9. Le point de Bayeux est un point facile et qui vous promet des heures de broderie en toute d\u00e9tente.\" \/>\n<meta property=\"og:url\" content=\"https:\/\/lefildemathilde.fr\/index.php\/produit\/kit-la-nativite\/\" \/>\n<meta property=\"og:site_name\" content=\"Le Fil de Mathilde\" \/>\n<meta property=\"article:modified_time\" content=\"2026-05-01T18:46:37+00:00\" \/>\n<meta property=\"og:image\" content=\"https:\/\/lefildemathilde.fr\/wp-content\/uploads\/2026\/01\/Nativite-Presentation.jpg\" \/>\n\t<meta property=\"og:image:width\" content=\"807\" \/>\n\t<meta property=\"og:image:height\" content=\"861\" \/>\n\t<meta property=\"og:image:type\" content=\"image\/jpeg\" \/>\n<meta name=\"twitter:card\" content=\"summary_large_image\" \/>\n<meta name=\"twitter:label1\" content=\"Dur\u00e9e de lecture estim\u00e9e\" \/>\n\t<meta name=\"twitter:data1\" content=\"1 minute\" \/>\n<script type=\"application\/ld+json\" class=\"yoast-schema-graph\">{\"@context\":\"https:\\\/\\\/schema.org\",\"@graph\":[{\"@type\":\"WebPage\",\"@id\":\"https:\\\/\\\/lefildemathilde.fr\\\/index.php\\\/produit\\\/kit-la-nativite\\\/\",\"url\":\"https:\\\/\\\/lefildemathilde.fr\\\/index.php\\\/produit\\\/kit-la-nativite\\\/\",\"name\":\"Kit La Nativit\u00e9 - Le Fil de Mathilde\",\"isPartOf\":{\"@id\":\"https:\\\/\\\/lefildemathilde.fr\\\/#website\"},\"primaryImageOfPage\":{\"@id\":\"https:\\\/\\\/lefildemathilde.fr\\\/index.php\\\/produit\\\/kit-la-nativite\\\/#primaryimage\"},\"image\":{\"@id\":\"https:\\\/\\\/lefildemathilde.fr\\\/index.php\\\/produit\\\/kit-la-nativite\\\/#primaryimage\"},\"thumbnailUrl\":\"https:\\\/\\\/lefildemathilde.fr\\\/wp-content\\\/uploads\\\/2026\\\/01\\\/Nativite-Presentation.jpg\",\"datePublished\":\"2026-01-29T16:52:26+00:00\",\"dateModified\":\"2026-05-01T18:46:37+00:00\",\"description\":\"Kit de Broderie Point de Bayeux Motif La Nativit\u00e9. Le point de Bayeux est un point facile et qui vous promet des heures de broderie en toute d\u00e9tente.\",\"breadcrumb\":{\"@id\":\"https:\\\/\\\/lefildemathilde.fr\\\/index.php\\\/produit\\\/kit-la-nativite\\\/#breadcrumb\"},\"inLanguage\":\"fr-FR\",\"potentialAction\":[{\"@type\":\"ReadAction\",\"target\":[\"https:\\\/\\\/lefildemathilde.fr\\\/index.php\\\/produit\\\/kit-la-nativite\\\/\"]}]},{\"@type\":\"ImageObject\",\"inLanguage\":\"fr-FR\",\"@id\":\"https:\\\/\\\/lefildemathilde.fr\\\/index.php\\\/produit\\\/kit-la-nativite\\\/#primaryimage\",\"url\":\"https:\\\/\\\/lefildemathilde.fr\\\/wp-content\\\/uploads\\\/2026\\\/01\\\/Nativite-Presentation.jpg\",\"contentUrl\":\"https:\\\/\\\/lefildemathilde.fr\\\/wp-content\\\/uploads\\\/2026\\\/01\\\/Nativite-Presentation.jpg\",\"width\":807,\"height\":861,\"caption\":\"La nativit\u00e9 Point de Bayeux\"},{\"@type\":\"BreadcrumbList\",\"@id\":\"https:\\\/\\\/lefildemathilde.fr\\\/index.php\\\/produit\\\/kit-la-nativite\\\/#breadcrumb\",\"itemListElement\":[{\"@type\":\"ListItem\",\"position\":1,\"name\":\"Accueil\",\"item\":\"https:\\\/\\\/lefildemathilde.fr\\\/\"},{\"@type\":\"ListItem\",\"position\":2,\"name\":\"Boutique Kits de broderie point de bayeux\",\"item\":\"https:\\\/\\\/lefildemathilde.fr\\\/index.php\\\/boutique-kits-de-broderie-point-de-bayeux\\\/\"},{\"@type\":\"ListItem\",\"position\":3,\"name\":\"Kit La Nativit\u00e9\"}]},{\"@type\":\"WebSite\",\"@id\":\"https:\\\/\\\/lefildemathilde.fr\\\/#website\",\"url\":\"https:\\\/\\\/lefildemathilde.fr\\\/\",\"name\":\"Le Fil de Mathilde\",\"description\":\"Kits de broderie au Point de Bayeux\",\"potentialAction\":[{\"@type\":\"SearchAction\",\"target\":{\"@type\":\"EntryPoint\",\"urlTemplate\":\"https:\\\/\\\/lefildemathilde.fr\\\/?s={search_term_string}\"},\"query-input\":{\"@type\":\"PropertyValueSpecification\",\"valueRequired\":true,\"valueName\":\"search_term_string\"}}],\"inLanguage\":\"fr-FR\"}]}<\/script>\n<!-- \/ Yoast SEO plugin. -->","yoast_head_json":{"title":"Kit La Nativit\u00e9 - Le Fil de Mathilde","description":"Kit de Broderie Point de Bayeux Motif La Nativit\u00e9. Le point de Bayeux est un point facile et qui vous promet des heures de broderie en toute d\u00e9tente.","robots":{"index":"index","follow":"follow","max-snippet":"max-snippet:-1","max-image-preview":"max-image-preview:large","max-video-preview":"max-video-preview:-1"},"canonical":"https:\/\/lefildemathilde.fr\/index.php\/produit\/kit-la-nativite\/","og_locale":"fr_FR","og_type":"article","og_title":"Kit La Nativit\u00e9 - Le Fil de Mathilde","og_description":"Kit de Broderie Point de Bayeux Motif La Nativit\u00e9. Le point de Bayeux est un point facile et qui vous promet des heures de broderie en toute d\u00e9tente.","og_url":"https:\/\/lefildemathilde.fr\/index.php\/produit\/kit-la-nativite\/","og_site_name":"Le Fil de Mathilde","article_modified_time":"2026-05-01T18:46:37+00:00","og_image":[{"width":807,"height":861,"url":"https:\/\/lefildemathilde.fr\/wp-content\/uploads\/2026\/01\/Nativite-Presentation.jpg","type":"image\/jpeg"}],"twitter_card":"summary_large_image","twitter_misc":{"Dur\u00e9e de lecture estim\u00e9e":"1 minute"},"schema":{"@context":"https:\/\/schema.org","@graph":[{"@type":"WebPage","@id":"https:\/\/lefildemathilde.fr\/index.php\/produit\/kit-la-nativite\/","url":"https:\/\/lefildemathilde.fr\/index.php\/produit\/kit-la-nativite\/","name":"Kit La Nativit\u00e9 - Le Fil de Mathilde","isPartOf":{"@id":"https:\/\/lefildemathilde.fr\/#website"},"primaryImageOfPage":{"@id":"https:\/\/lefildemathilde.fr\/index.php\/produit\/kit-la-nativite\/#primaryimage"},"image":{"@id":"https:\/\/lefildemathilde.fr\/index.php\/produit\/kit-la-nativite\/#primaryimage"},"thumbnailUrl":"https:\/\/lefildemathilde.fr\/wp-content\/uploads\/2026\/01\/Nativite-Presentation.jpg","datePublished":"2026-01-29T16:52:26+00:00","dateModified":"2026-05-01T18:46:37+00:00","description":"Kit de Broderie Point de Bayeux Motif La Nativit\u00e9. Le point de Bayeux est un point facile et qui vous promet des heures de broderie en toute d\u00e9tente.","breadcrumb":{"@id":"https:\/\/lefildemathilde.fr\/index.php\/produit\/kit-la-nativite\/#breadcrumb"},"inLanguage":"fr-FR","potentialAction":[{"@type":"ReadAction","target":["https:\/\/lefildemathilde.fr\/index.php\/produit\/kit-la-nativite\/"]}]},{"@type":"ImageObject","inLanguage":"fr-FR","@id":"https:\/\/lefildemathilde.fr\/index.php\/produit\/kit-la-nativite\/#primaryimage","url":"https:\/\/lefildemathilde.fr\/wp-content\/uploads\/2026\/01\/Nativite-Presentation.jpg","contentUrl":"https:\/\/lefildemathilde.fr\/wp-content\/uploads\/2026\/01\/Nativite-Presentation.jpg","width":807,"height":861,"caption":"La nativit\u00e9 Point de Bayeux"},{"@type":"BreadcrumbList","@id":"https:\/\/lefildemathilde.fr\/index.php\/produit\/kit-la-nativite\/#breadcrumb","itemListElement":[{"@type":"ListItem","position":1,"name":"Accueil","item":"https:\/\/lefildemathilde.fr\/"},{"@type":"ListItem","position":2,"name":"Boutique Kits de broderie point de bayeux","item":"https:\/\/lefildemathilde.fr\/index.php\/boutique-kits-de-broderie-point-de-bayeux\/"},{"@type":"ListItem","position":3,"name":"Kit La Nativit\u00e9"}]},{"@type":"WebSite","@id":"https:\/\/lefildemathilde.fr\/#website","url":"https:\/\/lefildemathilde.fr\/","name":"Le Fil de Mathilde","description":"Kits de broderie au Point de Bayeux","potentialAction":[{"@type":"SearchAction","target":{"@type":"EntryPoint","urlTemplate":"https:\/\/lefildemathilde.fr\/?s={search_term_string}"},"query-input":{"@type":"PropertyValueSpecification","valueRequired":true,"valueName":"search_term_string"}}],"inLanguage":"fr-FR"}]}},"jetpack_sharing_enabled":true,"_links":{"self":[{"href":"https:\/\/lefildemathilde.fr\/index.php\/wp-json\/wp\/v2\/product\/3577","targetHints":{"allow":["GET"]}}],"collection":[{"href":"https:\/\/lefildemathilde.fr\/index.php\/wp-json\/wp\/v2\/product"}],"about":[{"href":"https:\/\/lefildemathilde.fr\/index.php\/wp-json\/wp\/v2\/types\/product"}],"replies":[{"embeddable":true,"href":"https:\/\/lefildemathilde.fr\/index.php\/wp-json\/wp\/v2\/comments?post=3577"}],"wp:featuredmedia":[{"embeddable":true,"href":"https:\/\/lefildemathilde.fr\/index.php\/wp-json\/wp\/v2\/media\/3580"}],"wp:attachment":[{"href":"https:\/\/lefildemathilde.fr\/index.php\/wp-json\/wp\/v2\/media?parent=3577"}],"wp:term":[{"taxonomy":"product_brand","embeddable":true,"href":"https:\/\/lefildemathilde.fr\/index.php\/wp-json\/wp\/v2\/product_brand?post=3577"},{"taxonomy":"product_cat","embeddable":true,"href":"https:\/\/lefildemathilde.fr\/index.php\/wp-json\/wp\/v2\/product_cat?post=3577"},{"taxonomy":"product_tag","embeddable":true,"href":"https:\/\/lefildemathilde.fr\/index.php\/wp-json\/wp\/v2\/product_tag?post=3577"}],"curies":[{"name":"wp","href":"https:\/\/api.w.org\/{rel}","templated":true}]}}