{"id":3638,"date":"2026-02-16T15:08:18","date_gmt":"2026-02-16T15:08:18","guid":{"rendered":"https:\/\/lefildemathilde.fr\/?post_type=product&#038;p=3638"},"modified":"2026-04-01T12:47:27","modified_gmt":"2026-04-01T12:47:27","slug":"kit-carnet-a-aiguilles-rosace","status":"publish","type":"product","link":"https:\/\/lefildemathilde.fr\/index.php\/produit\/kit-carnet-a-aiguilles-rosace\/","title":{"rendered":"Kit Carnet \u00e0 aiguilles Rosace"},"content":{"rendered":"<p style=\"font-weight: 400;\"><strong>Contenu du Kit :<\/strong><br \/>\n&#8211; Une toile imprim\u00e9e 100% lin L 34 cm x H 23 cm,<br \/>\n&#8211; Une doublure L 25 cm x H 15 cm<br \/>\n&#8211; Une feutrine L 16 cm x 7 cm<br \/>\n&#8211; Une aiguille \u00e0 broder n\u00b05 de la Marque Bohin<br \/>\n&#8211; Une tresse de fils \u00e0 broder 100% laine<br \/>\n&#8211; Une fiche explicative du point de Bayeux<br \/>\n&#8211; Une fiche de montage du carnet<\/p>\n<p><strong>Kit cr\u00e9\u00e9 et fabriqu\u00e9 en Normandie par Le Fil de Mathilde<\/strong><\/p>\n<p><strong>Dimensions du carnet :<\/strong> 9 x 9 cm<\/p>\n<p><strong>A NOTER<\/strong><br \/>\nPour ex\u00e9cuter parfaitement le Point de Bayeux, un tambour \u00e0 broder sera indispensable.<\/p>\n<p>&nbsp;<\/p>\n<p>L&rsquo;envoi des produits de la boutique aura un num\u00e9ro de suivi.<\/p>\n","protected":false},"excerpt":{"rendered":"<p>Kit de Broderie au Point de Bayeux<\/p>\n","protected":false},"featured_media":3640,"comment_status":"open","ping_status":"closed","template":"","meta":{"_et_pb_use_builder":"","_et_pb_old_content":"","_et_gb_content_width":""},"product_brand":[],"product_cat":[29,30],"product_tag":[],"class_list":{"0":"post-3638","1":"product","2":"type-product","3":"status-publish","4":"has-post-thumbnail","6":"product_cat-kits-de-broderie","7":"product_cat-kits-de-mathilde","8":"product_shipping_class-poids-de-101-gr-a-250-gr","10":"first","11":"instock","12":"purchasable","13":"product-type-simple"},"yoast_head":"<!-- This site is optimized with the Yoast SEO plugin v27.3 - https:\/\/yoast.com\/product\/yoast-seo-wordpress\/ -->\n<title>Kit Carnet \u00e0 aiguilles Rosace - Le Fil de Mathilde<\/title>\n<meta name=\"description\" content=\"Confectionnez vous-m\u00eame ce carnet \u00e0 aiguilles. D\u00e9couvrez le point de Bayeux pour offrir \u00e0 vos aiguilles cet \u00e9crin color\u00e9.\" \/>\n<meta name=\"robots\" content=\"index, follow, max-snippet:-1, max-image-preview:large, max-video-preview:-1\" \/>\n<link rel=\"canonical\" href=\"https:\/\/lefildemathilde.fr\/index.php\/produit\/kit-carnet-a-aiguilles-rosace\/\" \/>\n<meta property=\"og:locale\" content=\"fr_FR\" \/>\n<meta property=\"og:type\" content=\"article\" \/>\n<meta property=\"og:title\" content=\"Kit Carnet \u00e0 aiguilles Rosace - Le Fil de Mathilde\" \/>\n<meta property=\"og:description\" content=\"Confectionnez vous-m\u00eame ce carnet \u00e0 aiguilles. D\u00e9couvrez le point de Bayeux pour offrir \u00e0 vos aiguilles cet \u00e9crin color\u00e9.\" \/>\n<meta property=\"og:url\" content=\"https:\/\/lefildemathilde.fr\/index.php\/produit\/kit-carnet-a-aiguilles-rosace\/\" \/>\n<meta property=\"og:site_name\" content=\"Le Fil de Mathilde\" \/>\n<meta property=\"article:modified_time\" content=\"2026-04-01T12:47:27+00:00\" \/>\n<meta property=\"og:image\" content=\"https:\/\/lefildemathilde.fr\/wp-content\/uploads\/2026\/02\/CA-Rosace-montage-.jpg\" \/>\n\t<meta property=\"og:image:width\" content=\"1000\" \/>\n\t<meta property=\"og:image:height\" content=\"1001\" \/>\n\t<meta property=\"og:image:type\" content=\"image\/jpeg\" \/>\n<meta name=\"twitter:card\" content=\"summary_large_image\" \/>\n<meta name=\"twitter:label1\" content=\"Dur\u00e9e de lecture estim\u00e9e\" \/>\n\t<meta name=\"twitter:data1\" content=\"1 minute\" \/>\n<script type=\"application\/ld+json\" class=\"yoast-schema-graph\">{\"@context\":\"https:\\\/\\\/schema.org\",\"@graph\":[{\"@type\":\"WebPage\",\"@id\":\"https:\\\/\\\/lefildemathilde.fr\\\/index.php\\\/produit\\\/kit-carnet-a-aiguilles-rosace\\\/\",\"url\":\"https:\\\/\\\/lefildemathilde.fr\\\/index.php\\\/produit\\\/kit-carnet-a-aiguilles-rosace\\\/\",\"name\":\"Kit Carnet \u00e0 aiguilles Rosace - Le Fil de Mathilde\",\"isPartOf\":{\"@id\":\"https:\\\/\\\/lefildemathilde.fr\\\/#website\"},\"primaryImageOfPage\":{\"@id\":\"https:\\\/\\\/lefildemathilde.fr\\\/index.php\\\/produit\\\/kit-carnet-a-aiguilles-rosace\\\/#primaryimage\"},\"image\":{\"@id\":\"https:\\\/\\\/lefildemathilde.fr\\\/index.php\\\/produit\\\/kit-carnet-a-aiguilles-rosace\\\/#primaryimage\"},\"thumbnailUrl\":\"https:\\\/\\\/lefildemathilde.fr\\\/wp-content\\\/uploads\\\/2026\\\/02\\\/CA-Rosace-montage-.jpg\",\"datePublished\":\"2026-02-16T15:08:18+00:00\",\"dateModified\":\"2026-04-01T12:47:27+00:00\",\"description\":\"Confectionnez vous-m\u00eame ce carnet \u00e0 aiguilles. D\u00e9couvrez le point de Bayeux pour offrir \u00e0 vos aiguilles cet \u00e9crin color\u00e9.\",\"breadcrumb\":{\"@id\":\"https:\\\/\\\/lefildemathilde.fr\\\/index.php\\\/produit\\\/kit-carnet-a-aiguilles-rosace\\\/#breadcrumb\"},\"inLanguage\":\"fr-FR\",\"potentialAction\":[{\"@type\":\"ReadAction\",\"target\":[\"https:\\\/\\\/lefildemathilde.fr\\\/index.php\\\/produit\\\/kit-carnet-a-aiguilles-rosace\\\/\"]}]},{\"@type\":\"ImageObject\",\"inLanguage\":\"fr-FR\",\"@id\":\"https:\\\/\\\/lefildemathilde.fr\\\/index.php\\\/produit\\\/kit-carnet-a-aiguilles-rosace\\\/#primaryimage\",\"url\":\"https:\\\/\\\/lefildemathilde.fr\\\/wp-content\\\/uploads\\\/2026\\\/02\\\/CA-Rosace-montage-.jpg\",\"contentUrl\":\"https:\\\/\\\/lefildemathilde.fr\\\/wp-content\\\/uploads\\\/2026\\\/02\\\/CA-Rosace-montage-.jpg\",\"width\":1000,\"height\":1001,\"caption\":\"Carnet aiguilles Rosace\"},{\"@type\":\"BreadcrumbList\",\"@id\":\"https:\\\/\\\/lefildemathilde.fr\\\/index.php\\\/produit\\\/kit-carnet-a-aiguilles-rosace\\\/#breadcrumb\",\"itemListElement\":[{\"@type\":\"ListItem\",\"position\":1,\"name\":\"Accueil\",\"item\":\"https:\\\/\\\/lefildemathilde.fr\\\/\"},{\"@type\":\"ListItem\",\"position\":2,\"name\":\"Boutique Kits de broderie point de bayeux\",\"item\":\"https:\\\/\\\/lefildemathilde.fr\\\/index.php\\\/boutique-kits-de-broderie-point-de-bayeux\\\/\"},{\"@type\":\"ListItem\",\"position\":3,\"name\":\"Kit Carnet \u00e0 aiguilles Rosace\"}]},{\"@type\":\"WebSite\",\"@id\":\"https:\\\/\\\/lefildemathilde.fr\\\/#website\",\"url\":\"https:\\\/\\\/lefildemathilde.fr\\\/\",\"name\":\"Le Fil de Mathilde\",\"description\":\"Kits de broderie au Point de Bayeux\",\"potentialAction\":[{\"@type\":\"SearchAction\",\"target\":{\"@type\":\"EntryPoint\",\"urlTemplate\":\"https:\\\/\\\/lefildemathilde.fr\\\/?s={search_term_string}\"},\"query-input\":{\"@type\":\"PropertyValueSpecification\",\"valueRequired\":true,\"valueName\":\"search_term_string\"}}],\"inLanguage\":\"fr-FR\"}]}<\/script>\n<!-- \/ Yoast SEO plugin. -->","yoast_head_json":{"title":"Kit Carnet \u00e0 aiguilles Rosace - Le Fil de Mathilde","description":"Confectionnez vous-m\u00eame ce carnet \u00e0 aiguilles. D\u00e9couvrez le point de Bayeux pour offrir \u00e0 vos aiguilles cet \u00e9crin color\u00e9.","robots":{"index":"index","follow":"follow","max-snippet":"max-snippet:-1","max-image-preview":"max-image-preview:large","max-video-preview":"max-video-preview:-1"},"canonical":"https:\/\/lefildemathilde.fr\/index.php\/produit\/kit-carnet-a-aiguilles-rosace\/","og_locale":"fr_FR","og_type":"article","og_title":"Kit Carnet \u00e0 aiguilles Rosace - Le Fil de Mathilde","og_description":"Confectionnez vous-m\u00eame ce carnet \u00e0 aiguilles. D\u00e9couvrez le point de Bayeux pour offrir \u00e0 vos aiguilles cet \u00e9crin color\u00e9.","og_url":"https:\/\/lefildemathilde.fr\/index.php\/produit\/kit-carnet-a-aiguilles-rosace\/","og_site_name":"Le Fil de Mathilde","article_modified_time":"2026-04-01T12:47:27+00:00","og_image":[{"width":1000,"height":1001,"url":"https:\/\/lefildemathilde.fr\/wp-content\/uploads\/2026\/02\/CA-Rosace-montage-.jpg","type":"image\/jpeg"}],"twitter_card":"summary_large_image","twitter_misc":{"Dur\u00e9e de lecture estim\u00e9e":"1 minute"},"schema":{"@context":"https:\/\/schema.org","@graph":[{"@type":"WebPage","@id":"https:\/\/lefildemathilde.fr\/index.php\/produit\/kit-carnet-a-aiguilles-rosace\/","url":"https:\/\/lefildemathilde.fr\/index.php\/produit\/kit-carnet-a-aiguilles-rosace\/","name":"Kit Carnet \u00e0 aiguilles Rosace - Le Fil de Mathilde","isPartOf":{"@id":"https:\/\/lefildemathilde.fr\/#website"},"primaryImageOfPage":{"@id":"https:\/\/lefildemathilde.fr\/index.php\/produit\/kit-carnet-a-aiguilles-rosace\/#primaryimage"},"image":{"@id":"https:\/\/lefildemathilde.fr\/index.php\/produit\/kit-carnet-a-aiguilles-rosace\/#primaryimage"},"thumbnailUrl":"https:\/\/lefildemathilde.fr\/wp-content\/uploads\/2026\/02\/CA-Rosace-montage-.jpg","datePublished":"2026-02-16T15:08:18+00:00","dateModified":"2026-04-01T12:47:27+00:00","description":"Confectionnez vous-m\u00eame ce carnet \u00e0 aiguilles. D\u00e9couvrez le point de Bayeux pour offrir \u00e0 vos aiguilles cet \u00e9crin color\u00e9.","breadcrumb":{"@id":"https:\/\/lefildemathilde.fr\/index.php\/produit\/kit-carnet-a-aiguilles-rosace\/#breadcrumb"},"inLanguage":"fr-FR","potentialAction":[{"@type":"ReadAction","target":["https:\/\/lefildemathilde.fr\/index.php\/produit\/kit-carnet-a-aiguilles-rosace\/"]}]},{"@type":"ImageObject","inLanguage":"fr-FR","@id":"https:\/\/lefildemathilde.fr\/index.php\/produit\/kit-carnet-a-aiguilles-rosace\/#primaryimage","url":"https:\/\/lefildemathilde.fr\/wp-content\/uploads\/2026\/02\/CA-Rosace-montage-.jpg","contentUrl":"https:\/\/lefildemathilde.fr\/wp-content\/uploads\/2026\/02\/CA-Rosace-montage-.jpg","width":1000,"height":1001,"caption":"Carnet aiguilles Rosace"},{"@type":"BreadcrumbList","@id":"https:\/\/lefildemathilde.fr\/index.php\/produit\/kit-carnet-a-aiguilles-rosace\/#breadcrumb","itemListElement":[{"@type":"ListItem","position":1,"name":"Accueil","item":"https:\/\/lefildemathilde.fr\/"},{"@type":"ListItem","position":2,"name":"Boutique Kits de broderie point de bayeux","item":"https:\/\/lefildemathilde.fr\/index.php\/boutique-kits-de-broderie-point-de-bayeux\/"},{"@type":"ListItem","position":3,"name":"Kit Carnet \u00e0 aiguilles Rosace"}]},{"@type":"WebSite","@id":"https:\/\/lefildemathilde.fr\/#website","url":"https:\/\/lefildemathilde.fr\/","name":"Le Fil de Mathilde","description":"Kits de broderie au Point de Bayeux","potentialAction":[{"@type":"SearchAction","target":{"@type":"EntryPoint","urlTemplate":"https:\/\/lefildemathilde.fr\/?s={search_term_string}"},"query-input":{"@type":"PropertyValueSpecification","valueRequired":true,"valueName":"search_term_string"}}],"inLanguage":"fr-FR"}]}},"jetpack_sharing_enabled":true,"_links":{"self":[{"href":"https:\/\/lefildemathilde.fr\/index.php\/wp-json\/wp\/v2\/product\/3638","targetHints":{"allow":["GET"]}}],"collection":[{"href":"https:\/\/lefildemathilde.fr\/index.php\/wp-json\/wp\/v2\/product"}],"about":[{"href":"https:\/\/lefildemathilde.fr\/index.php\/wp-json\/wp\/v2\/types\/product"}],"replies":[{"embeddable":true,"href":"https:\/\/lefildemathilde.fr\/index.php\/wp-json\/wp\/v2\/comments?post=3638"}],"wp:featuredmedia":[{"embeddable":true,"href":"https:\/\/lefildemathilde.fr\/index.php\/wp-json\/wp\/v2\/media\/3640"}],"wp:attachment":[{"href":"https:\/\/lefildemathilde.fr\/index.php\/wp-json\/wp\/v2\/media?parent=3638"}],"wp:term":[{"taxonomy":"product_brand","embeddable":true,"href":"https:\/\/lefildemathilde.fr\/index.php\/wp-json\/wp\/v2\/product_brand?post=3638"},{"taxonomy":"product_cat","embeddable":true,"href":"https:\/\/lefildemathilde.fr\/index.php\/wp-json\/wp\/v2\/product_cat?post=3638"},{"taxonomy":"product_tag","embeddable":true,"href":"https:\/\/lefildemathilde.fr\/index.php\/wp-json\/wp\/v2\/product_tag?post=3638"}],"curies":[{"name":"wp","href":"https:\/\/api.w.org\/{rel}","templated":true}]}}