{"id":677,"date":"2025-08-08T17:13:04","date_gmt":"2025-08-08T17:13:04","guid":{"rendered":"https:\/\/lefildemathilde.fr\/?post_type=product&#038;p=677"},"modified":"2025-10-22T06:06:46","modified_gmt":"2025-10-22T06:06:46","slug":"kit-laumoniere","status":"publish","type":"product","link":"https:\/\/lefildemathilde.fr\/index.php\/produit\/kit-laumoniere\/","title":{"rendered":"Kit L&rsquo;Aumoni\u00e8re"},"content":{"rendered":"<p style=\"font-weight: 400;\"><strong>Contenu du Kit\u00a0:<\/strong><br \/>\n&#8211; Une toile imprim\u00e9e 100% lin L 18 cm x H 34 cm<br \/>\n&#8211; Une doublure 100% lin L 18 cm x H 34 cm<br \/>\n&#8211; Une tresse de fils \u00e0 broder 100% laine<br \/>\n&#8211; Une fiche explicative du point de Bayeux<br \/>\n&#8211; Une fiche de montage de l&rsquo;aum\u00f4ni\u00e8re<br \/>\n&#8211; Une aiguille \u00e0 broder n\u00b05 de la Marque Fran\u00e7aise Bohin<\/p>\n<p style=\"font-weight: 400;\"><strong>Kit cr\u00e9\u00e9 et fabriqu\u00e9 en Normandie par Le Fil de Mathilde<\/strong><\/p>\n<p><strong>Dimensions de l&rsquo;aum\u00f4ni\u00e8re :<\/strong> L 15 cm x H 15 cm<\/p>\n<p><strong>A NOTER<\/strong><br \/>\nPour ex\u00e9cuter parfaitement le Point de Bayeux, un tambour \u00e0 broder sera indispensable.<\/p>\n<p>L&rsquo;envoi des produits de la boutique aura un num\u00e9ro de suivi.<\/p>\n","protected":false},"excerpt":{"rendered":"<p>Kit de Broderie au Point de Bayeux<\/p>\n","protected":false},"featured_media":691,"comment_status":"open","ping_status":"closed","template":"","meta":{"_et_pb_use_builder":"off","_et_pb_old_content":"<p style=\"font-weight: 400\"><strong>Contenu du Kit\u00a0:<\/strong>\r\n- Une toile imprim\u00e9e 100% lin L 18 cm x H 34 cm\r\n- Une doublure 100% lin L 18 cm x H 34 cm\r\n- Une tresse de fils \u00e0 broder 100% laine\r\n- Une fiche explicative du point de Bayeux\r\n- Une fiche de montage de l'aum\u00f4ni\u00e8re\r\n- Une aiguille \u00e0 broder<\/p>\r\n<p style=\"font-weight: 400\"><strong>Kit cr\u00e9\u00e9 et fabriqu\u00e9 en Normandie par Le Fil de Mathilde<\/strong><\/p>\r\n<strong>Dimensions de l'aum\u00f4ni\u00e8re :<\/strong> L 15 cm x H 15 cm\r\n\r\n<strong>A NOTER<\/strong>\r\nPour ex\u00e9cuter parfaitement le Point de Bayeux, un tambour \u00e0 broder sera indispensable.\r\n\r\n\u00a0\r\n\r\nL'envoi des produits de la boutique aura un num\u00e9ro de suivi.","_et_gb_content_width":""},"product_brand":[],"product_cat":[29,17],"product_tag":[],"class_list":{"0":"post-677","1":"product","2":"type-product","3":"status-publish","4":"has-post-thumbnail","6":"product_cat-kits-de-broderie","7":"product_cat-kits-tapisserie-de-bayeux","8":"product_shipping_class-poids-de-51-gr-a-100-gr","10":"first","11":"instock","12":"purchasable","13":"product-type-simple"},"yoast_head":"<!-- This site is optimized with the Yoast SEO plugin v27.4 - https:\/\/yoast.com\/product\/yoast-seo-wordpress\/ -->\n<title>Kit L&#039;Aumoni\u00e8re - Le Fil de Mathilde<\/title>\n<meta name=\"description\" content=\"Kit de broderie au point de Bayeux. Cette aum\u00f4ni\u00e8re, facile \u00e0 monter, mettra en valeur votre broderie. D\u00e9couvrez un point mill\u00e9naire gr\u00e2ce \u00e0 ce kit.\" \/>\n<meta name=\"robots\" content=\"index, follow, max-snippet:-1, max-image-preview:large, max-video-preview:-1\" \/>\n<link rel=\"canonical\" href=\"https:\/\/lefildemathilde.fr\/index.php\/produit\/kit-laumoniere\/\" \/>\n<meta property=\"og:locale\" content=\"fr_FR\" \/>\n<meta property=\"og:type\" content=\"article\" \/>\n<meta property=\"og:title\" content=\"Kit L&#039;Aumoni\u00e8re - Le Fil de Mathilde\" \/>\n<meta property=\"og:description\" content=\"Kit de broderie au point de Bayeux. Cette aum\u00f4ni\u00e8re, facile \u00e0 monter, mettra en valeur votre broderie. D\u00e9couvrez un point mill\u00e9naire gr\u00e2ce \u00e0 ce kit.\" \/>\n<meta property=\"og:url\" content=\"https:\/\/lefildemathilde.fr\/index.php\/produit\/kit-laumoniere\/\" \/>\n<meta property=\"og:site_name\" content=\"Le Fil de Mathilde\" \/>\n<meta property=\"article:modified_time\" content=\"2025-10-22T06:06:46+00:00\" \/>\n<meta property=\"og:image\" content=\"https:\/\/lefildemathilde.fr\/wp-content\/uploads\/2025\/08\/Aumoniere-Paon-1-e1760117028338.jpg\" \/>\n\t<meta property=\"og:image:width\" content=\"990\" \/>\n\t<meta property=\"og:image:height\" content=\"949\" \/>\n\t<meta property=\"og:image:type\" content=\"image\/jpeg\" \/>\n<meta name=\"twitter:card\" content=\"summary_large_image\" \/>\n<meta name=\"twitter:label1\" content=\"Dur\u00e9e de lecture estim\u00e9e\" \/>\n\t<meta name=\"twitter:data1\" content=\"1 minute\" \/>\n<script type=\"application\/ld+json\" class=\"yoast-schema-graph\">{\"@context\":\"https:\\\/\\\/schema.org\",\"@graph\":[{\"@type\":\"WebPage\",\"@id\":\"https:\\\/\\\/lefildemathilde.fr\\\/index.php\\\/produit\\\/kit-laumoniere\\\/\",\"url\":\"https:\\\/\\\/lefildemathilde.fr\\\/index.php\\\/produit\\\/kit-laumoniere\\\/\",\"name\":\"Kit L'Aumoni\u00e8re - Le Fil de Mathilde\",\"isPartOf\":{\"@id\":\"https:\\\/\\\/lefildemathilde.fr\\\/#website\"},\"primaryImageOfPage\":{\"@id\":\"https:\\\/\\\/lefildemathilde.fr\\\/index.php\\\/produit\\\/kit-laumoniere\\\/#primaryimage\"},\"image\":{\"@id\":\"https:\\\/\\\/lefildemathilde.fr\\\/index.php\\\/produit\\\/kit-laumoniere\\\/#primaryimage\"},\"thumbnailUrl\":\"https:\\\/\\\/lefildemathilde.fr\\\/wp-content\\\/uploads\\\/2025\\\/08\\\/Aumoniere-Paon-1-e1760117028338.jpg\",\"datePublished\":\"2025-08-08T17:13:04+00:00\",\"dateModified\":\"2025-10-22T06:06:46+00:00\",\"description\":\"Kit de broderie au point de Bayeux. Cette aum\u00f4ni\u00e8re, facile \u00e0 monter, mettra en valeur votre broderie. D\u00e9couvrez un point mill\u00e9naire gr\u00e2ce \u00e0 ce kit.\",\"breadcrumb\":{\"@id\":\"https:\\\/\\\/lefildemathilde.fr\\\/index.php\\\/produit\\\/kit-laumoniere\\\/#breadcrumb\"},\"inLanguage\":\"fr-FR\",\"potentialAction\":[{\"@type\":\"ReadAction\",\"target\":[\"https:\\\/\\\/lefildemathilde.fr\\\/index.php\\\/produit\\\/kit-laumoniere\\\/\"]}]},{\"@type\":\"ImageObject\",\"inLanguage\":\"fr-FR\",\"@id\":\"https:\\\/\\\/lefildemathilde.fr\\\/index.php\\\/produit\\\/kit-laumoniere\\\/#primaryimage\",\"url\":\"https:\\\/\\\/lefildemathilde.fr\\\/wp-content\\\/uploads\\\/2025\\\/08\\\/Aumoniere-Paon-1-e1760117028338.jpg\",\"contentUrl\":\"https:\\\/\\\/lefildemathilde.fr\\\/wp-content\\\/uploads\\\/2025\\\/08\\\/Aumoniere-Paon-1-e1760117028338.jpg\",\"width\":990,\"height\":949,\"caption\":\"Kit L'Aumoni\u00e8re - Point de Bayeux - Fil de Mathilde\"},{\"@type\":\"BreadcrumbList\",\"@id\":\"https:\\\/\\\/lefildemathilde.fr\\\/index.php\\\/produit\\\/kit-laumoniere\\\/#breadcrumb\",\"itemListElement\":[{\"@type\":\"ListItem\",\"position\":1,\"name\":\"Accueil\",\"item\":\"https:\\\/\\\/lefildemathilde.fr\\\/\"},{\"@type\":\"ListItem\",\"position\":2,\"name\":\"Boutique Kits de broderie point de bayeux\",\"item\":\"https:\\\/\\\/lefildemathilde.fr\\\/index.php\\\/boutique-kits-de-broderie-point-de-bayeux\\\/\"},{\"@type\":\"ListItem\",\"position\":3,\"name\":\"Kit L&rsquo;Aumoni\u00e8re\"}]},{\"@type\":\"WebSite\",\"@id\":\"https:\\\/\\\/lefildemathilde.fr\\\/#website\",\"url\":\"https:\\\/\\\/lefildemathilde.fr\\\/\",\"name\":\"Le Fil de Mathilde\",\"description\":\"Kits de broderie au Point de Bayeux\",\"potentialAction\":[{\"@type\":\"SearchAction\",\"target\":{\"@type\":\"EntryPoint\",\"urlTemplate\":\"https:\\\/\\\/lefildemathilde.fr\\\/?s={search_term_string}\"},\"query-input\":{\"@type\":\"PropertyValueSpecification\",\"valueRequired\":true,\"valueName\":\"search_term_string\"}}],\"inLanguage\":\"fr-FR\"}]}<\/script>\n<!-- \/ Yoast SEO plugin. -->","yoast_head_json":{"title":"Kit L'Aumoni\u00e8re - Le Fil de Mathilde","description":"Kit de broderie au point de Bayeux. Cette aum\u00f4ni\u00e8re, facile \u00e0 monter, mettra en valeur votre broderie. D\u00e9couvrez un point mill\u00e9naire gr\u00e2ce \u00e0 ce kit.","robots":{"index":"index","follow":"follow","max-snippet":"max-snippet:-1","max-image-preview":"max-image-preview:large","max-video-preview":"max-video-preview:-1"},"canonical":"https:\/\/lefildemathilde.fr\/index.php\/produit\/kit-laumoniere\/","og_locale":"fr_FR","og_type":"article","og_title":"Kit L'Aumoni\u00e8re - Le Fil de Mathilde","og_description":"Kit de broderie au point de Bayeux. Cette aum\u00f4ni\u00e8re, facile \u00e0 monter, mettra en valeur votre broderie. D\u00e9couvrez un point mill\u00e9naire gr\u00e2ce \u00e0 ce kit.","og_url":"https:\/\/lefildemathilde.fr\/index.php\/produit\/kit-laumoniere\/","og_site_name":"Le Fil de Mathilde","article_modified_time":"2025-10-22T06:06:46+00:00","og_image":[{"width":990,"height":949,"url":"https:\/\/lefildemathilde.fr\/wp-content\/uploads\/2025\/08\/Aumoniere-Paon-1-e1760117028338.jpg","type":"image\/jpeg"}],"twitter_card":"summary_large_image","twitter_misc":{"Dur\u00e9e de lecture estim\u00e9e":"1 minute"},"schema":{"@context":"https:\/\/schema.org","@graph":[{"@type":"WebPage","@id":"https:\/\/lefildemathilde.fr\/index.php\/produit\/kit-laumoniere\/","url":"https:\/\/lefildemathilde.fr\/index.php\/produit\/kit-laumoniere\/","name":"Kit L'Aumoni\u00e8re - Le Fil de Mathilde","isPartOf":{"@id":"https:\/\/lefildemathilde.fr\/#website"},"primaryImageOfPage":{"@id":"https:\/\/lefildemathilde.fr\/index.php\/produit\/kit-laumoniere\/#primaryimage"},"image":{"@id":"https:\/\/lefildemathilde.fr\/index.php\/produit\/kit-laumoniere\/#primaryimage"},"thumbnailUrl":"https:\/\/lefildemathilde.fr\/wp-content\/uploads\/2025\/08\/Aumoniere-Paon-1-e1760117028338.jpg","datePublished":"2025-08-08T17:13:04+00:00","dateModified":"2025-10-22T06:06:46+00:00","description":"Kit de broderie au point de Bayeux. Cette aum\u00f4ni\u00e8re, facile \u00e0 monter, mettra en valeur votre broderie. D\u00e9couvrez un point mill\u00e9naire gr\u00e2ce \u00e0 ce kit.","breadcrumb":{"@id":"https:\/\/lefildemathilde.fr\/index.php\/produit\/kit-laumoniere\/#breadcrumb"},"inLanguage":"fr-FR","potentialAction":[{"@type":"ReadAction","target":["https:\/\/lefildemathilde.fr\/index.php\/produit\/kit-laumoniere\/"]}]},{"@type":"ImageObject","inLanguage":"fr-FR","@id":"https:\/\/lefildemathilde.fr\/index.php\/produit\/kit-laumoniere\/#primaryimage","url":"https:\/\/lefildemathilde.fr\/wp-content\/uploads\/2025\/08\/Aumoniere-Paon-1-e1760117028338.jpg","contentUrl":"https:\/\/lefildemathilde.fr\/wp-content\/uploads\/2025\/08\/Aumoniere-Paon-1-e1760117028338.jpg","width":990,"height":949,"caption":"Kit L'Aumoni\u00e8re - Point de Bayeux - Fil de Mathilde"},{"@type":"BreadcrumbList","@id":"https:\/\/lefildemathilde.fr\/index.php\/produit\/kit-laumoniere\/#breadcrumb","itemListElement":[{"@type":"ListItem","position":1,"name":"Accueil","item":"https:\/\/lefildemathilde.fr\/"},{"@type":"ListItem","position":2,"name":"Boutique Kits de broderie point de bayeux","item":"https:\/\/lefildemathilde.fr\/index.php\/boutique-kits-de-broderie-point-de-bayeux\/"},{"@type":"ListItem","position":3,"name":"Kit L&rsquo;Aumoni\u00e8re"}]},{"@type":"WebSite","@id":"https:\/\/lefildemathilde.fr\/#website","url":"https:\/\/lefildemathilde.fr\/","name":"Le Fil de Mathilde","description":"Kits de broderie au Point de Bayeux","potentialAction":[{"@type":"SearchAction","target":{"@type":"EntryPoint","urlTemplate":"https:\/\/lefildemathilde.fr\/?s={search_term_string}"},"query-input":{"@type":"PropertyValueSpecification","valueRequired":true,"valueName":"search_term_string"}}],"inLanguage":"fr-FR"}]}},"jetpack_sharing_enabled":true,"_links":{"self":[{"href":"https:\/\/lefildemathilde.fr\/index.php\/wp-json\/wp\/v2\/product\/677","targetHints":{"allow":["GET"]}}],"collection":[{"href":"https:\/\/lefildemathilde.fr\/index.php\/wp-json\/wp\/v2\/product"}],"about":[{"href":"https:\/\/lefildemathilde.fr\/index.php\/wp-json\/wp\/v2\/types\/product"}],"replies":[{"embeddable":true,"href":"https:\/\/lefildemathilde.fr\/index.php\/wp-json\/wp\/v2\/comments?post=677"}],"wp:featuredmedia":[{"embeddable":true,"href":"https:\/\/lefildemathilde.fr\/index.php\/wp-json\/wp\/v2\/media\/691"}],"wp:attachment":[{"href":"https:\/\/lefildemathilde.fr\/index.php\/wp-json\/wp\/v2\/media?parent=677"}],"wp:term":[{"taxonomy":"product_brand","embeddable":true,"href":"https:\/\/lefildemathilde.fr\/index.php\/wp-json\/wp\/v2\/product_brand?post=677"},{"taxonomy":"product_cat","embeddable":true,"href":"https:\/\/lefildemathilde.fr\/index.php\/wp-json\/wp\/v2\/product_cat?post=677"},{"taxonomy":"product_tag","embeddable":true,"href":"https:\/\/lefildemathilde.fr\/index.php\/wp-json\/wp\/v2\/product_tag?post=677"}],"curies":[{"name":"wp","href":"https:\/\/api.w.org\/{rel}","templated":true}]}}